{"id":9734,"date":"2025-05-24T03:36:06","date_gmt":"2025-05-24T06:36:06","guid":{"rendered":"http:\/\/fullatacados.com.br\/index.php\/produto\/kit-pit-stop-cbx250-twister\/"},"modified":"2026-04-22T09:40:07","modified_gmt":"2026-04-22T12:40:07","slug":"kit-pit-stop-cbx250-twister","status":"publish","type":"product","link":"https:\/\/fullatacados.com.br\/index.php\/produto\/kit-pit-stop-cbx250-twister\/","title":{"rendered":"KIT CILINDRO CBX250 TWISTER"},"content":{"rendered":"<p>O Kit Pit Stop Metal Leve K-9201 \u00e9 destinado \u00e0 motocicleta Honda CBX 250 Twister. Ele inclui an\u00e9is de segmento, retentores de v\u00e1lvula e juntas espec\u00edficas para o motor, oferecendo veda\u00e7\u00e3o eficiente e recupera\u00e7\u00e3o da performance original. Indicado para manuten\u00e7\u00e3o preventiva, esse kit garante durabilidade e economia na revis\u00e3o do motor.<\/p>\n","protected":false},"excerpt":{"rendered":"<p>Kit Pit Stop para CBX 250 Twister da Metal Leve, ideal para revis\u00f5es com componentes que garantem veda\u00e7\u00e3o e bom desempenho do motor.<\/p>\n","protected":false},"featured_media":9735,"comment_status":"closed","ping_status":"closed","template":"","meta":{"_joinchat":[]},"product_brand":[207],"product_cat":[98,95,482,15],"product_tag":[],"class_list":{"0":"post-9734","1":"product","2":"type-product","3":"status-publish","4":"has-post-thumbnail","6":"product_brand-metal-leve","7":"product_cat-cilindro","8":"product_cat-kit","9":"product_cat-moto-pecas","10":"product_cat-sem-categoria","11":"product_shipping_class-envionormal","13":"first","14":"instock","15":"purchasable","16":"product-type-simple"},"_links":{"self":[{"href":"https:\/\/fullatacados.com.br\/index.php\/wp-json\/wp\/v2\/product\/9734","targetHints":{"allow":["GET"]}}],"collection":[{"href":"https:\/\/fullatacados.com.br\/index.php\/wp-json\/wp\/v2\/product"}],"about":[{"href":"https:\/\/fullatacados.com.br\/index.php\/wp-json\/wp\/v2\/types\/product"}],"replies":[{"embeddable":true,"href":"https:\/\/fullatacados.com.br\/index.php\/wp-json\/wp\/v2\/comments?post=9734"}],"wp:featuredmedia":[{"embeddable":true,"href":"https:\/\/fullatacados.com.br\/index.php\/wp-json\/wp\/v2\/media\/9735"}],"wp:attachment":[{"href":"https:\/\/fullatacados.com.br\/index.php\/wp-json\/wp\/v2\/media?parent=9734"}],"wp:term":[{"taxonomy":"product_brand","embeddable":true,"href":"https:\/\/fullatacados.com.br\/index.php\/wp-json\/wp\/v2\/product_brand?post=9734"},{"taxonomy":"product_cat","embeddable":true,"href":"https:\/\/fullatacados.com.br\/index.php\/wp-json\/wp\/v2\/product_cat?post=9734"},{"taxonomy":"product_tag","embeddable":true,"href":"https:\/\/fullatacados.com.br\/index.php\/wp-json\/wp\/v2\/product_tag?post=9734"}],"curies":[{"name":"wp","href":"https:\/\/api.w.org\/{rel}","templated":true}]}}