{"id":9730,"date":"2025-05-24T03:36:06","date_gmt":"2025-05-24T06:36:06","guid":{"rendered":"http:\/\/fullatacados.com.br\/index.php\/produto\/kit-pit-stop-biz125-ate-2008\/"},"modified":"2026-04-10T15:15:07","modified_gmt":"2026-04-10T18:15:07","slug":"kit-pit-stop-biz125-ate-2008","status":"publish","type":"product","link":"https:\/\/fullatacados.com.br\/index.php\/produto\/kit-pit-stop-biz125-ate-2008\/","title":{"rendered":"KIT CILINDRO BIZ125 06\/08"},"content":{"rendered":"<p>O Kit Pit Stop Metal Leve K-9294 \u00e9 desenvolvido para manuten\u00e7\u00e3o preventiva da motocicleta Honda Biz 125 at\u00e9 o ano de 2008. Esse kit inclui componentes essenciais para o bom funcionamento do motor, como an\u00e9is, retentores e juntas, garantindo maior durabilidade, desempenho e veda\u00e7\u00e3o eficiente. \u00c9 ideal para quem busca praticidade e seguran\u00e7a em revis\u00f5es peri\u00f3dicas.<\/p>\n","protected":false},"excerpt":{"rendered":"<p>Kit Pit Stop para Biz 125 at\u00e9 2008 da Metal Leve, composto por itens essenciais para revis\u00e3o do motor, proporcionando maior desempenho e durabilidade.<\/p>\n","protected":false},"featured_media":9731,"comment_status":"closed","ping_status":"closed","template":"","meta":{"_joinchat":[]},"product_brand":[207],"product_cat":[98,95,482,15],"product_tag":[],"class_list":{"0":"post-9730","1":"product","2":"type-product","3":"status-publish","4":"has-post-thumbnail","6":"product_brand-metal-leve","7":"product_cat-cilindro","8":"product_cat-kit","9":"product_cat-moto-pecas","10":"product_cat-sem-categoria","11":"product_shipping_class-envionormal","13":"first","14":"instock","15":"purchasable","16":"product-type-simple"},"_links":{"self":[{"href":"https:\/\/fullatacados.com.br\/index.php\/wp-json\/wp\/v2\/product\/9730","targetHints":{"allow":["GET"]}}],"collection":[{"href":"https:\/\/fullatacados.com.br\/index.php\/wp-json\/wp\/v2\/product"}],"about":[{"href":"https:\/\/fullatacados.com.br\/index.php\/wp-json\/wp\/v2\/types\/product"}],"replies":[{"embeddable":true,"href":"https:\/\/fullatacados.com.br\/index.php\/wp-json\/wp\/v2\/comments?post=9730"}],"wp:featuredmedia":[{"embeddable":true,"href":"https:\/\/fullatacados.com.br\/index.php\/wp-json\/wp\/v2\/media\/9731"}],"wp:attachment":[{"href":"https:\/\/fullatacados.com.br\/index.php\/wp-json\/wp\/v2\/media?parent=9730"}],"wp:term":[{"taxonomy":"product_brand","embeddable":true,"href":"https:\/\/fullatacados.com.br\/index.php\/wp-json\/wp\/v2\/product_brand?post=9730"},{"taxonomy":"product_cat","embeddable":true,"href":"https:\/\/fullatacados.com.br\/index.php\/wp-json\/wp\/v2\/product_cat?post=9730"},{"taxonomy":"product_tag","embeddable":true,"href":"https:\/\/fullatacados.com.br\/index.php\/wp-json\/wp\/v2\/product_tag?post=9730"}],"curies":[{"name":"wp","href":"https:\/\/api.w.org\/{rel}","templated":true}]}}