{"id":9722,"date":"2025-05-24T03:35:51","date_gmt":"2025-05-24T06:35:51","guid":{"rendered":"http:\/\/fullatacados.com.br\/index.php\/produto\/filtro-oleo-xt660r-tenere-virago\/"},"modified":"2026-04-28T14:05:07","modified_gmt":"2026-04-28T17:05:07","slug":"filtro-oleo-xt660r-tenere-virago","status":"publish","type":"product","link":"https:\/\/fullatacados.com.br\/index.php\/produto\/filtro-oleo-xt660r-tenere-virago\/","title":{"rendered":"FILTRO OLEO XT660R\/TENERE\/VIRAGO"},"content":{"rendered":"<p>O Filtro de \u00d3leo EMBUS\/ILION 10468-E \u00e9 projetado para motocicletas Yamaha XT 600, XT 660, T\u00e9n\u00e9r\u00e9 e Virago. Sua fun\u00e7\u00e3o principal \u00e9 reter impurezas e part\u00edculas met\u00e1licas presentes no \u00f3leo lubrificante, garantindo a prote\u00e7\u00e3o e o desempenho ideal do motor. Fabricado com materiais de alta qualidade, este filtro assegura uma filtragem eficiente e durabilidade.<\/p>\n","protected":false},"excerpt":{"rendered":"<p>Filtro de \u00f3leo EMBUS\/ILION 10468-E para Yamaha XT 600, XT 660, T\u00e9n\u00e9r\u00e9 e Virago, proporciona filtragem eficiente e prote\u00e7\u00e3o ao motor.<\/p>\n","protected":false},"featured_media":9723,"comment_status":"closed","ping_status":"closed","template":"","meta":{"_joinchat":[]},"product_brand":[182],"product_cat":[46,482],"product_tag":[],"class_list":{"0":"post-9722","1":"product","2":"type-product","3":"status-publish","4":"has-post-thumbnail","6":"product_brand-embus-ilion","7":"product_cat-filtro","8":"product_cat-moto-pecas","9":"product_shipping_class-envionormal","11":"first","12":"instock","13":"purchasable","14":"product-type-simple"},"_links":{"self":[{"href":"https:\/\/fullatacados.com.br\/index.php\/wp-json\/wp\/v2\/product\/9722","targetHints":{"allow":["GET"]}}],"collection":[{"href":"https:\/\/fullatacados.com.br\/index.php\/wp-json\/wp\/v2\/product"}],"about":[{"href":"https:\/\/fullatacados.com.br\/index.php\/wp-json\/wp\/v2\/types\/product"}],"replies":[{"embeddable":true,"href":"https:\/\/fullatacados.com.br\/index.php\/wp-json\/wp\/v2\/comments?post=9722"}],"wp:featuredmedia":[{"embeddable":true,"href":"https:\/\/fullatacados.com.br\/index.php\/wp-json\/wp\/v2\/media\/9723"}],"wp:attachment":[{"href":"https:\/\/fullatacados.com.br\/index.php\/wp-json\/wp\/v2\/media?parent=9722"}],"wp:term":[{"taxonomy":"product_brand","embeddable":true,"href":"https:\/\/fullatacados.com.br\/index.php\/wp-json\/wp\/v2\/product_brand?post=9722"},{"taxonomy":"product_cat","embeddable":true,"href":"https:\/\/fullatacados.com.br\/index.php\/wp-json\/wp\/v2\/product_cat?post=9722"},{"taxonomy":"product_tag","embeddable":true,"href":"https:\/\/fullatacados.com.br\/index.php\/wp-json\/wp\/v2\/product_tag?post=9722"}],"curies":[{"name":"wp","href":"https:\/\/api.w.org\/{rel}","templated":true}]}}