{"id":9720,"date":"2025-05-24T03:35:51","date_gmt":"2025-05-24T06:35:51","guid":{"rendered":"http:\/\/fullatacados.com.br\/index.php\/produto\/filtro-oleo-xt-tdm225\/"},"modified":"2025-12-01T13:27:42","modified_gmt":"2025-12-01T16:27:42","slug":"filtro-oleo-xt-tdm225","status":"publish","type":"product","link":"https:\/\/fullatacados.com.br\/index.php\/produto\/filtro-oleo-xt-tdm225\/","title":{"rendered":"FILTRO OLEO XT\/TDM225"},"content":{"rendered":"<p>O Filtro de \u00d3leo FRAN \u00e9 projetado para motocicletas Yamaha XT 225 e TDM 225. Sua fun\u00e7\u00e3o principal \u00e9 reter impurezas e part\u00edculas met\u00e1licas presentes no \u00f3leo lubrificante, garantindo a prote\u00e7\u00e3o e o desempenho ideal do motor. Fabricado com materiais de alta qualidade, este filtro assegura uma filtragem eficiente e durabilidade.<\/p>\n","protected":false},"excerpt":{"rendered":"<p>Filtro de \u00f3leo FRAN para Yamaha XT 225 e TDM 225, proporciona filtragem eficiente e prote\u00e7\u00e3o ao motor.<\/p>\n","protected":false},"featured_media":9721,"comment_status":"closed","ping_status":"closed","template":"","meta":{"_joinchat":[]},"product_brand":[333],"product_cat":[46,482],"product_tag":[],"class_list":{"0":"post-9720","1":"product","2":"type-product","3":"status-publish","4":"has-post-thumbnail","6":"product_brand-fran","7":"product_cat-filtro","8":"product_cat-moto-pecas","9":"product_shipping_class-envionormal","11":"first","12":"instock","13":"purchasable","14":"product-type-simple"},"_links":{"self":[{"href":"https:\/\/fullatacados.com.br\/index.php\/wp-json\/wp\/v2\/product\/9720","targetHints":{"allow":["GET"]}}],"collection":[{"href":"https:\/\/fullatacados.com.br\/index.php\/wp-json\/wp\/v2\/product"}],"about":[{"href":"https:\/\/fullatacados.com.br\/index.php\/wp-json\/wp\/v2\/types\/product"}],"replies":[{"embeddable":true,"href":"https:\/\/fullatacados.com.br\/index.php\/wp-json\/wp\/v2\/comments?post=9720"}],"wp:featuredmedia":[{"embeddable":true,"href":"https:\/\/fullatacados.com.br\/index.php\/wp-json\/wp\/v2\/media\/9721"}],"wp:attachment":[{"href":"https:\/\/fullatacados.com.br\/index.php\/wp-json\/wp\/v2\/media?parent=9720"}],"wp:term":[{"taxonomy":"product_brand","embeddable":true,"href":"https:\/\/fullatacados.com.br\/index.php\/wp-json\/wp\/v2\/product_brand?post=9720"},{"taxonomy":"product_cat","embeddable":true,"href":"https:\/\/fullatacados.com.br\/index.php\/wp-json\/wp\/v2\/product_cat?post=9720"},{"taxonomy":"product_tag","embeddable":true,"href":"https:\/\/fullatacados.com.br\/index.php\/wp-json\/wp\/v2\/product_tag?post=9720"}],"curies":[{"name":"wp","href":"https:\/\/api.w.org\/{rel}","templated":true}]}}