{"id":9718,"date":"2025-05-24T03:35:51","date_gmt":"2025-05-24T06:35:51","guid":{"rendered":"http:\/\/fullatacados.com.br\/index.php\/produto\/filtro-oleo-cbx250-xr250-nx400-cb300\/"},"modified":"2026-05-02T11:15:07","modified_gmt":"2026-05-02T14:15:07","slug":"filtro-oleo-cbx250-xr250-nx400-cb300","status":"publish","type":"product","link":"https:\/\/fullatacados.com.br\/index.php\/produto\/filtro-oleo-cbx250-xr250-nx400-cb300\/","title":{"rendered":"FILTRO OLEO CBX250\/XR250\/NX400\/CB300"},"content":{"rendered":"<p>Filtro de \u00d3leo Embus\/Ilion 10463-E, ideal para modelos CBX250, XR250, NX400 e CB300. Desenvolvido para oferecer excelente desempenho na reten\u00e7\u00e3o de impurezas, contribuindo para maior vida \u00fatil do motor e prote\u00e7\u00e3o dos componentes internos.<\/p>\n","protected":false},"excerpt":{"rendered":"<p>Filtro de \u00f3leo Embus\/Ilion 10463-E para CBX250, XR250, NX400 e CB300.<\/p>\n","protected":false},"featured_media":9719,"comment_status":"closed","ping_status":"open","template":"","meta":{"_joinchat":[]},"product_brand":[199],"product_cat":[46,482],"product_tag":[],"class_list":{"0":"post-9718","1":"product","2":"type-product","3":"status-publish","4":"has-post-thumbnail","6":"product_brand-importado","7":"product_cat-filtro","8":"product_cat-moto-pecas","9":"product_shipping_class-envionormal","11":"first","12":"instock","13":"purchasable","14":"product-type-simple"},"_links":{"self":[{"href":"https:\/\/fullatacados.com.br\/index.php\/wp-json\/wp\/v2\/product\/9718","targetHints":{"allow":["GET"]}}],"collection":[{"href":"https:\/\/fullatacados.com.br\/index.php\/wp-json\/wp\/v2\/product"}],"about":[{"href":"https:\/\/fullatacados.com.br\/index.php\/wp-json\/wp\/v2\/types\/product"}],"replies":[{"embeddable":true,"href":"https:\/\/fullatacados.com.br\/index.php\/wp-json\/wp\/v2\/comments?post=9718"}],"wp:featuredmedia":[{"embeddable":true,"href":"https:\/\/fullatacados.com.br\/index.php\/wp-json\/wp\/v2\/media\/9719"}],"wp:attachment":[{"href":"https:\/\/fullatacados.com.br\/index.php\/wp-json\/wp\/v2\/media?parent=9718"}],"wp:term":[{"taxonomy":"product_brand","embeddable":true,"href":"https:\/\/fullatacados.com.br\/index.php\/wp-json\/wp\/v2\/product_brand?post=9718"},{"taxonomy":"product_cat","embeddable":true,"href":"https:\/\/fullatacados.com.br\/index.php\/wp-json\/wp\/v2\/product_cat?post=9718"},{"taxonomy":"product_tag","embeddable":true,"href":"https:\/\/fullatacados.com.br\/index.php\/wp-json\/wp\/v2\/product_tag?post=9718"}],"curies":[{"name":"wp","href":"https:\/\/api.w.org\/{rel}","templated":true}]}}