{"id":9716,"date":"2025-05-24T03:35:51","date_gmt":"2025-05-24T06:35:51","guid":{"rendered":"http:\/\/fullatacados.com.br\/index.php\/produto\/filtro-oleo-kawasaki-ninja250\/"},"modified":"2026-04-30T17:30:07","modified_gmt":"2026-04-30T20:30:07","slug":"filtro-oleo-kawasaki-ninja250","status":"publish","type":"product","link":"https:\/\/fullatacados.com.br\/index.php\/produto\/filtro-oleo-kawasaki-ninja250\/","title":{"rendered":"FILTRO OLEO KAWASAKI NINJA250"},"content":{"rendered":"<p>Filtro de \u00d3leo Glaider FVC018, desenvolvido para proporcionar alta efici\u00eancia na filtragem e durabilidade em motores de alta rota\u00e7\u00e3o. Compat\u00edvel com modelos como Kawasaki Ninja 250, oferece excelente veda\u00e7\u00e3o e resist\u00eancia, contribuindo para o bom desempenho e prote\u00e7\u00e3o do motor.<\/p>\n","protected":false},"excerpt":{"rendered":"<p>Filtro de \u00f3leo Glaider FVC018 para Kawasaki Ninja 250.<\/p>\n","protected":false},"featured_media":9717,"comment_status":"closed","ping_status":"closed","template":"","meta":{"_joinchat":[]},"product_brand":[313],"product_cat":[46,482],"product_tag":[],"class_list":{"0":"post-9716","1":"product","2":"type-product","3":"status-publish","4":"has-post-thumbnail","6":"product_brand-glaider","7":"product_cat-filtro","8":"product_cat-moto-pecas","9":"product_shipping_class-envionormal","11":"first","12":"instock","13":"purchasable","14":"product-type-simple"},"_links":{"self":[{"href":"https:\/\/fullatacados.com.br\/index.php\/wp-json\/wp\/v2\/product\/9716","targetHints":{"allow":["GET"]}}],"collection":[{"href":"https:\/\/fullatacados.com.br\/index.php\/wp-json\/wp\/v2\/product"}],"about":[{"href":"https:\/\/fullatacados.com.br\/index.php\/wp-json\/wp\/v2\/types\/product"}],"replies":[{"embeddable":true,"href":"https:\/\/fullatacados.com.br\/index.php\/wp-json\/wp\/v2\/comments?post=9716"}],"wp:featuredmedia":[{"embeddable":true,"href":"https:\/\/fullatacados.com.br\/index.php\/wp-json\/wp\/v2\/media\/9717"}],"wp:attachment":[{"href":"https:\/\/fullatacados.com.br\/index.php\/wp-json\/wp\/v2\/media?parent=9716"}],"wp:term":[{"taxonomy":"product_brand","embeddable":true,"href":"https:\/\/fullatacados.com.br\/index.php\/wp-json\/wp\/v2\/product_brand?post=9716"},{"taxonomy":"product_cat","embeddable":true,"href":"https:\/\/fullatacados.com.br\/index.php\/wp-json\/wp\/v2\/product_cat?post=9716"},{"taxonomy":"product_tag","embeddable":true,"href":"https:\/\/fullatacados.com.br\/index.php\/wp-json\/wp\/v2\/product_tag?post=9716"}],"curies":[{"name":"wp","href":"https:\/\/api.w.org\/{rel}","templated":true}]}}