{"id":9712,"date":"2025-05-24T03:35:51","date_gmt":"2025-05-24T06:35:51","guid":{"rendered":"http:\/\/fullatacados.com.br\/index.php\/produto\/filtro-oleo-faz150\/"},"modified":"2026-05-02T11:25:07","modified_gmt":"2026-05-02T14:25:07","slug":"filtro-oleo-faz150","status":"publish","type":"product","link":"https:\/\/fullatacados.com.br\/index.php\/produto\/filtro-oleo-faz150\/","title":{"rendered":"FILTRO OLEO FAZ150"},"content":{"rendered":"<p>O Filtro de \u00d3leo EMBUS\/ILION 10467-E \u00e9 projetado para garantir a filtragem eficiente do \u00f3leo lubrificante, removendo impurezas e part\u00edculas que podem comprometer o desempenho do motor. Sua constru\u00e7\u00e3o robusta assegura durabilidade e prote\u00e7\u00e3o ao sistema de lubrifica\u00e7\u00e3o da motocicleta.<\/p>\n","protected":false},"excerpt":{"rendered":"<p>Filtro de \u00f3leo EMBUS\/ILION 10467-E, ideal para manuten\u00e7\u00e3o preventiva, promovendo a limpeza do \u00f3leo e a prote\u00e7\u00e3o do motor.<\/p>\n","protected":false},"featured_media":9713,"comment_status":"closed","ping_status":"open","template":"","meta":{"_joinchat":[]},"product_brand":[182],"product_cat":[46,482],"product_tag":[],"class_list":{"0":"post-9712","1":"product","2":"type-product","3":"status-publish","4":"has-post-thumbnail","6":"product_brand-embus-ilion","7":"product_cat-filtro","8":"product_cat-moto-pecas","9":"product_shipping_class-envionormal","11":"first","12":"instock","13":"purchasable","14":"product-type-simple"},"_links":{"self":[{"href":"https:\/\/fullatacados.com.br\/index.php\/wp-json\/wp\/v2\/product\/9712","targetHints":{"allow":["GET"]}}],"collection":[{"href":"https:\/\/fullatacados.com.br\/index.php\/wp-json\/wp\/v2\/product"}],"about":[{"href":"https:\/\/fullatacados.com.br\/index.php\/wp-json\/wp\/v2\/types\/product"}],"replies":[{"embeddable":true,"href":"https:\/\/fullatacados.com.br\/index.php\/wp-json\/wp\/v2\/comments?post=9712"}],"wp:featuredmedia":[{"embeddable":true,"href":"https:\/\/fullatacados.com.br\/index.php\/wp-json\/wp\/v2\/media\/9713"}],"wp:attachment":[{"href":"https:\/\/fullatacados.com.br\/index.php\/wp-json\/wp\/v2\/media?parent=9712"}],"wp:term":[{"taxonomy":"product_brand","embeddable":true,"href":"https:\/\/fullatacados.com.br\/index.php\/wp-json\/wp\/v2\/product_brand?post=9712"},{"taxonomy":"product_cat","embeddable":true,"href":"https:\/\/fullatacados.com.br\/index.php\/wp-json\/wp\/v2\/product_cat?post=9712"},{"taxonomy":"product_tag","embeddable":true,"href":"https:\/\/fullatacados.com.br\/index.php\/wp-json\/wp\/v2\/product_tag?post=9712"}],"curies":[{"name":"wp","href":"https:\/\/api.w.org\/{rel}","templated":true}]}}