{"id":9708,"date":"2025-05-24T03:35:51","date_gmt":"2025-05-24T06:35:51","guid":{"rendered":"http:\/\/fullatacados.com.br\/index.php\/produto\/filtro-gasolina-tit-so-gasolina-ret\/"},"modified":"2026-02-24T15:20:09","modified_gmt":"2026-02-24T18:20:09","slug":"filtro-gasolina-tit-so-gasolina-ret","status":"publish","type":"product","link":"https:\/\/fullatacados.com.br\/index.php\/produto\/filtro-gasolina-tit-so-gasolina-ret\/","title":{"rendered":"FILTRO GASOLINA TIT SO GASOLINA\/RET"},"content":{"rendered":"<p>O filtro de combust\u00edvel \u00e9 essencial para proteger o sistema de alimenta\u00e7\u00e3o da motocicleta, retendo impurezas presentes no combust\u00edvel antes que este chegue ao motor. Isso garante um funcionamento mais eficiente e prolonga a vida \u00fatil do motor. Este modelo \u00e9 compat\u00edvel com motocicletas Honda CG 125, CG 150 e Titan, sendo uma op\u00e7\u00e3o de reposi\u00e7\u00e3o para o c\u00f3digo original Honda 16910-KRE-B01.<\/p>\n","protected":false},"excerpt":{"rendered":"<p>Filtro de combust\u00edvel compat\u00edvel com motocicletas Honda CG 125, CG 150 e Titan. Substitui o c\u00f3digo original Honda 16910-KRE-B01. Produto importado de alta qualidade, ideal para manuten\u00e7\u00e3o preventiva do sistema de alimenta\u00e7\u00e3o.<\/p>\n","protected":false},"featured_media":9709,"comment_status":"closed","ping_status":"closed","template":"","meta":{"_joinchat":[]},"product_brand":[199],"product_cat":[46,482,15],"product_tag":[],"class_list":{"0":"post-9708","1":"product","2":"type-product","3":"status-publish","4":"has-post-thumbnail","6":"product_brand-importado","7":"product_cat-filtro","8":"product_cat-moto-pecas","9":"product_cat-sem-categoria","10":"product_shipping_class-envionormal","12":"first","13":"instock","14":"purchasable","15":"product-type-simple"},"_links":{"self":[{"href":"https:\/\/fullatacados.com.br\/index.php\/wp-json\/wp\/v2\/product\/9708","targetHints":{"allow":["GET"]}}],"collection":[{"href":"https:\/\/fullatacados.com.br\/index.php\/wp-json\/wp\/v2\/product"}],"about":[{"href":"https:\/\/fullatacados.com.br\/index.php\/wp-json\/wp\/v2\/types\/product"}],"replies":[{"embeddable":true,"href":"https:\/\/fullatacados.com.br\/index.php\/wp-json\/wp\/v2\/comments?post=9708"}],"wp:featuredmedia":[{"embeddable":true,"href":"https:\/\/fullatacados.com.br\/index.php\/wp-json\/wp\/v2\/media\/9709"}],"wp:attachment":[{"href":"https:\/\/fullatacados.com.br\/index.php\/wp-json\/wp\/v2\/media?parent=9708"}],"wp:term":[{"taxonomy":"product_brand","embeddable":true,"href":"https:\/\/fullatacados.com.br\/index.php\/wp-json\/wp\/v2\/product_brand?post=9708"},{"taxonomy":"product_cat","embeddable":true,"href":"https:\/\/fullatacados.com.br\/index.php\/wp-json\/wp\/v2\/product_cat?post=9708"},{"taxonomy":"product_tag","embeddable":true,"href":"https:\/\/fullatacados.com.br\/index.php\/wp-json\/wp\/v2\/product_tag?post=9708"}],"curies":[{"name":"wp","href":"https:\/\/api.w.org\/{rel}","templated":true}]}}