{"id":9704,"date":"2025-05-24T03:35:51","date_gmt":"2025-05-24T06:35:51","guid":{"rendered":"http:\/\/fullatacados.com.br\/index.php\/produto\/filtro-gasolina-crosser-faz150\/"},"modified":"2026-05-02T10:25:06","modified_gmt":"2026-05-02T13:25:06","slug":"filtro-gasolina-crosser-faz150","status":"publish","type":"product","link":"https:\/\/fullatacados.com.br\/index.php\/produto\/filtro-gasolina-crosser-faz150\/","title":{"rendered":"FILTRO GASOLINA CROSSER\/FAZ150"},"content":{"rendered":"<p>O Filtro de Gasolina Smartfox 81141-DF0-XT01 \u00e9 projetado para garantir o excelente funcionamento do sistema de alimenta\u00e7\u00e3o de combust\u00edvel das motocicletas Yamaha Crosser 150 e Fazer 150. Com elemento filtrante de alta efici\u00eancia, ret\u00e9m impurezas presentes no combust\u00edvel, protegendo os bicos injetores e a bomba de combust\u00edvel. Fabricado com materiais de alta qualidade, oferece veda\u00e7\u00e3o eficiente, f\u00e1cil instala\u00e7\u00e3o e longa vida \u00fatil, seguindo as especifica\u00e7\u00f5es originais das motocicletas Yamaha.<\/p>\n","protected":false},"excerpt":{"rendered":"<p>Filtro de gasolina Smartfox para Yamaha Crosser 150 e Fazer 150, modelo 81141-DF0-XT01, com alta efici\u00eancia na filtragem e f\u00e1cil instala\u00e7\u00e3o.<\/p>\n","protected":false},"featured_media":9705,"comment_status":"closed","ping_status":"closed","template":"","meta":{"_joinchat":[]},"product_brand":[181],"product_cat":[46,482,15],"product_tag":[],"class_list":{"0":"post-9704","1":"product","2":"type-product","3":"status-publish","4":"has-post-thumbnail","6":"product_brand-smartfox","7":"product_cat-filtro","8":"product_cat-moto-pecas","9":"product_cat-sem-categoria","10":"product_shipping_class-envionormal","12":"first","13":"instock","14":"purchasable","15":"product-type-simple"},"_links":{"self":[{"href":"https:\/\/fullatacados.com.br\/index.php\/wp-json\/wp\/v2\/product\/9704","targetHints":{"allow":["GET"]}}],"collection":[{"href":"https:\/\/fullatacados.com.br\/index.php\/wp-json\/wp\/v2\/product"}],"about":[{"href":"https:\/\/fullatacados.com.br\/index.php\/wp-json\/wp\/v2\/types\/product"}],"replies":[{"embeddable":true,"href":"https:\/\/fullatacados.com.br\/index.php\/wp-json\/wp\/v2\/comments?post=9704"}],"wp:featuredmedia":[{"embeddable":true,"href":"https:\/\/fullatacados.com.br\/index.php\/wp-json\/wp\/v2\/media\/9705"}],"wp:attachment":[{"href":"https:\/\/fullatacados.com.br\/index.php\/wp-json\/wp\/v2\/media?parent=9704"}],"wp:term":[{"taxonomy":"product_brand","embeddable":true,"href":"https:\/\/fullatacados.com.br\/index.php\/wp-json\/wp\/v2\/product_brand?post=9704"},{"taxonomy":"product_cat","embeddable":true,"href":"https:\/\/fullatacados.com.br\/index.php\/wp-json\/wp\/v2\/product_cat?post=9704"},{"taxonomy":"product_tag","embeddable":true,"href":"https:\/\/fullatacados.com.br\/index.php\/wp-json\/wp\/v2\/product_tag?post=9704"}],"curies":[{"name":"wp","href":"https:\/\/api.w.org\/{rel}","templated":true}]}}