{"id":9702,"date":"2025-05-24T03:35:51","date_gmt":"2025-05-24T06:35:51","guid":{"rendered":"http:\/\/fullatacados.com.br\/index.php\/produto\/filtro-ar-xt660r\/"},"modified":"2025-12-08T11:25:08","modified_gmt":"2025-12-08T14:25:08","slug":"filtro-ar-xt660r","status":"publish","type":"product","link":"https:\/\/fullatacados.com.br\/index.php\/produto\/filtro-ar-xt660r\/","title":{"rendered":"FILTRO AR XT660R"},"content":{"rendered":"<p>O Filtro de Ar Vedamotors S4V0485200038 \u00e9 projetado para garantir o excelente funcionamento do motor da Yamaha XT660R. Fabricado com papel filtrante de alta densidade, proporciona maior grau de filtragem, retendo impurezas e permitindo apenas a passagem de ar limpo. Isso resulta em melhor desempenho e durabilidade do motor. O produto \u00e9 desenvolvido seguindo as especifica\u00e7\u00f5es do modelo original, garantindo encaixe perfeito e f\u00e1cil instala\u00e7\u00e3o, sem necessidade de adapta\u00e7\u00f5es. Al\u00e9m disso, oferece veda\u00e7\u00e3o eficiente e longa vida \u00fatil.<\/p>\n","protected":false},"excerpt":{"rendered":"<p>Filtro de ar Vedamotors para Yamaha XT660R, modelo S4V0485200038, com papel filtrante de alta densidade, garantindo desempenho e prote\u00e7\u00e3o ao motor.<\/p>\n","protected":false},"featured_media":9703,"comment_status":"closed","ping_status":"closed","template":"","meta":{"_joinchat":[]},"product_brand":[203],"product_cat":[46,482,15],"product_tag":[],"class_list":{"0":"post-9702","1":"product","2":"type-product","3":"status-publish","4":"has-post-thumbnail","6":"product_brand-vedamotors","7":"product_cat-filtro","8":"product_cat-moto-pecas","9":"product_cat-sem-categoria","10":"product_shipping_class-envionormal","12":"first","13":"instock","14":"featured","15":"purchasable","16":"product-type-simple"},"_links":{"self":[{"href":"https:\/\/fullatacados.com.br\/index.php\/wp-json\/wp\/v2\/product\/9702","targetHints":{"allow":["GET"]}}],"collection":[{"href":"https:\/\/fullatacados.com.br\/index.php\/wp-json\/wp\/v2\/product"}],"about":[{"href":"https:\/\/fullatacados.com.br\/index.php\/wp-json\/wp\/v2\/types\/product"}],"replies":[{"embeddable":true,"href":"https:\/\/fullatacados.com.br\/index.php\/wp-json\/wp\/v2\/comments?post=9702"}],"wp:featuredmedia":[{"embeddable":true,"href":"https:\/\/fullatacados.com.br\/index.php\/wp-json\/wp\/v2\/media\/9703"}],"wp:attachment":[{"href":"https:\/\/fullatacados.com.br\/index.php\/wp-json\/wp\/v2\/media?parent=9702"}],"wp:term":[{"taxonomy":"product_brand","embeddable":true,"href":"https:\/\/fullatacados.com.br\/index.php\/wp-json\/wp\/v2\/product_brand?post=9702"},{"taxonomy":"product_cat","embeddable":true,"href":"https:\/\/fullatacados.com.br\/index.php\/wp-json\/wp\/v2\/product_cat?post=9702"},{"taxonomy":"product_tag","embeddable":true,"href":"https:\/\/fullatacados.com.br\/index.php\/wp-json\/wp\/v2\/product_tag?post=9702"}],"curies":[{"name":"wp","href":"https:\/\/api.w.org\/{rel}","templated":true}]}}