{"id":9694,"date":"2025-05-24T03:35:51","date_gmt":"2025-05-24T06:35:51","guid":{"rendered":"http:\/\/fullatacados.com.br\/index.php\/produto\/filtro-ar-cb250-twister-16-23-imp\/"},"modified":"2026-05-04T13:30:07","modified_gmt":"2026-05-04T16:30:07","slug":"filtro-ar-cb250-twister-16-23-imp","status":"publish","type":"product","link":"https:\/\/fullatacados.com.br\/index.php\/produto\/filtro-ar-cb250-twister-16-23-imp\/","title":{"rendered":"FILTRO AR CB250 TWISTER 16\/23"},"content":{"rendered":"<p>O Filtro de Ar Embus 14870-E \u00e9 projetado para garantir o excelente funcionamento do motor da Honda CB 250F Twister, modelos de 2016 a 2023. Com papel filtrante de alta densidade, proporciona maior grau de filtragem, retendo impurezas e permitindo apenas a passagem de ar limpo. Isso resulta em melhor desempenho e durabilidade do motor. Fabricado com materiais de alta qualidade, oferece veda\u00e7\u00e3o eficiente e longa vida \u00fatil.<\/p>\n","protected":false},"excerpt":{"rendered":"<p>Filtro de ar Embus para Honda CB 250F Twister (2016 a 2023), modelo 14870-E, com papel filtrante de alta densidade, garantindo desempenho e prote\u00e7\u00e3o ao motor.<\/p>\n","protected":false},"featured_media":9695,"comment_status":"closed","ping_status":"closed","template":"","meta":{"_joinchat":[]},"product_brand":[199],"product_cat":[46,482,15],"product_tag":[],"class_list":{"0":"post-9694","1":"product","2":"type-product","3":"status-publish","4":"has-post-thumbnail","6":"product_brand-importado","7":"product_cat-filtro","8":"product_cat-moto-pecas","9":"product_cat-sem-categoria","10":"product_shipping_class-envionormal","12":"first","13":"instock","14":"featured","15":"purchasable","16":"product-type-simple"},"_links":{"self":[{"href":"https:\/\/fullatacados.com.br\/index.php\/wp-json\/wp\/v2\/product\/9694","targetHints":{"allow":["GET"]}}],"collection":[{"href":"https:\/\/fullatacados.com.br\/index.php\/wp-json\/wp\/v2\/product"}],"about":[{"href":"https:\/\/fullatacados.com.br\/index.php\/wp-json\/wp\/v2\/types\/product"}],"replies":[{"embeddable":true,"href":"https:\/\/fullatacados.com.br\/index.php\/wp-json\/wp\/v2\/comments?post=9694"}],"wp:featuredmedia":[{"embeddable":true,"href":"https:\/\/fullatacados.com.br\/index.php\/wp-json\/wp\/v2\/media\/9695"}],"wp:attachment":[{"href":"https:\/\/fullatacados.com.br\/index.php\/wp-json\/wp\/v2\/media?parent=9694"}],"wp:term":[{"taxonomy":"product_brand","embeddable":true,"href":"https:\/\/fullatacados.com.br\/index.php\/wp-json\/wp\/v2\/product_brand?post=9694"},{"taxonomy":"product_cat","embeddable":true,"href":"https:\/\/fullatacados.com.br\/index.php\/wp-json\/wp\/v2\/product_cat?post=9694"},{"taxonomy":"product_tag","embeddable":true,"href":"https:\/\/fullatacados.com.br\/index.php\/wp-json\/wp\/v2\/product_tag?post=9694"}],"curies":[{"name":"wp","href":"https:\/\/api.w.org\/{rel}","templated":true}]}}