{"id":9692,"date":"2025-05-24T03:35:51","date_gmt":"2025-05-24T06:35:51","guid":{"rendered":"http:\/\/fullatacados.com.br\/index.php\/produto\/filtro-ar-biz125-06-10\/"},"modified":"2026-04-24T12:50:07","modified_gmt":"2026-04-24T15:50:07","slug":"filtro-ar-biz125-06-10","status":"publish","type":"product","link":"https:\/\/fullatacados.com.br\/index.php\/produto\/filtro-ar-biz125-06-10\/","title":{"rendered":"FILTRO AR BIZ100 98\/05 \/BIZ125 06\/08"},"content":{"rendered":"<p>O Filtro de Ar Smartfox 11710-BF0-BZ03 \u00e9 projetado para garantir o excelente funcionamento do motor da Honda Biz 125, modelos de 2006 a 2010. Com papel filtrante de alta densidade, proporciona maior grau de filtragem, retendo impurezas e permitindo apenas a passagem de ar limpo. Isso resulta em melhor desempenho e durabilidade do motor. Fabricado com materiais de alta qualidade, oferece veda\u00e7\u00e3o eficiente e longa vida \u00fatil.<\/p>\n","protected":false},"excerpt":{"rendered":"<p>Filtro de ar Smartfox para Honda Biz 125 (2006 a 2010), modelo 11710-BF0-BZ03, com papel filtrante de alta densidade, garantindo desempenho e prote\u00e7\u00e3o ao motor.<\/p>\n","protected":false},"featured_media":9693,"comment_status":"closed","ping_status":"open","template":"","meta":{"_joinchat":[]},"product_brand":[199],"product_cat":[46,482],"product_tag":[],"class_list":{"0":"post-9692","1":"product","2":"type-product","3":"status-publish","4":"has-post-thumbnail","6":"product_brand-importado","7":"product_cat-filtro","8":"product_cat-moto-pecas","9":"product_shipping_class-envionormal","11":"first","12":"instock","13":"purchasable","14":"product-type-simple"},"_links":{"self":[{"href":"https:\/\/fullatacados.com.br\/index.php\/wp-json\/wp\/v2\/product\/9692","targetHints":{"allow":["GET"]}}],"collection":[{"href":"https:\/\/fullatacados.com.br\/index.php\/wp-json\/wp\/v2\/product"}],"about":[{"href":"https:\/\/fullatacados.com.br\/index.php\/wp-json\/wp\/v2\/types\/product"}],"replies":[{"embeddable":true,"href":"https:\/\/fullatacados.com.br\/index.php\/wp-json\/wp\/v2\/comments?post=9692"}],"wp:featuredmedia":[{"embeddable":true,"href":"https:\/\/fullatacados.com.br\/index.php\/wp-json\/wp\/v2\/media\/9693"}],"wp:attachment":[{"href":"https:\/\/fullatacados.com.br\/index.php\/wp-json\/wp\/v2\/media?parent=9692"}],"wp:term":[{"taxonomy":"product_brand","embeddable":true,"href":"https:\/\/fullatacados.com.br\/index.php\/wp-json\/wp\/v2\/product_brand?post=9692"},{"taxonomy":"product_cat","embeddable":true,"href":"https:\/\/fullatacados.com.br\/index.php\/wp-json\/wp\/v2\/product_cat?post=9692"},{"taxonomy":"product_tag","embeddable":true,"href":"https:\/\/fullatacados.com.br\/index.php\/wp-json\/wp\/v2\/product_tag?post=9692"}],"curies":[{"name":"wp","href":"https:\/\/api.w.org\/{rel}","templated":true}]}}