{"id":9690,"date":"2025-05-24T03:35:51","date_gmt":"2025-05-24T06:35:51","guid":{"rendered":"http:\/\/fullatacados.com.br\/index.php\/produto\/filtro-ar-biz125-11-biz110-16\/"},"modified":"2026-04-29T18:25:09","modified_gmt":"2026-04-29T21:25:09","slug":"filtro-ar-biz125-11-biz110-16","status":"publish","type":"product","link":"https:\/\/fullatacados.com.br\/index.php\/produto\/filtro-ar-biz125-11-biz110-16\/","title":{"rendered":"FILTRO AR BIZ125 11\/21 BIZ110 16\/&#8230;"},"content":{"rendered":"<p>O Filtro de Ar Smartfox 11710-BF0-BZ06 \u00e9 projetado para garantir o excelente funcionamento do motor das motocicletas Honda Biz 125 (2011 em diante) e Biz 110i (2016 em diante). Fabricado com papel de celulose de alta densidade, proporciona maior grau de filtragem, retendo impurezas e permitindo apenas a passagem de ar limpo. Isso resulta em melhor desempenho e durabilidade do motor. O produto \u00e9 desenvolvido seguindo as especifica\u00e7\u00f5es do modelo original, garantindo encaixe perfeito e f\u00e1cil instala\u00e7\u00e3o, sem necessidade de adapta\u00e7\u00f5es. Al\u00e9m disso, oferece veda\u00e7\u00e3o eficiente e longa vida \u00fatil.<\/p>\n","protected":false},"excerpt":{"rendered":"<p>Filtro de ar Smartfox para Honda Biz 125 (2011 em diante) e Biz 110i (2016 em diante), modelo 11710-BF0-BZ06, com papel filtrante de alta densidade, garantindo desempenho e prote\u00e7\u00e3o ao motor.<\/p>\n","protected":false},"featured_media":9691,"comment_status":"closed","ping_status":"open","template":"","meta":{"_joinchat":[]},"product_brand":[199],"product_cat":[46,482,15],"product_tag":[],"class_list":{"0":"post-9690","1":"product","2":"type-product","3":"status-publish","4":"has-post-thumbnail","6":"product_brand-importado","7":"product_cat-filtro","8":"product_cat-moto-pecas","9":"product_cat-sem-categoria","10":"product_shipping_class-envionormal","12":"first","13":"instock","14":"featured","15":"purchasable","16":"product-type-simple"},"_links":{"self":[{"href":"https:\/\/fullatacados.com.br\/index.php\/wp-json\/wp\/v2\/product\/9690","targetHints":{"allow":["GET"]}}],"collection":[{"href":"https:\/\/fullatacados.com.br\/index.php\/wp-json\/wp\/v2\/product"}],"about":[{"href":"https:\/\/fullatacados.com.br\/index.php\/wp-json\/wp\/v2\/types\/product"}],"replies":[{"embeddable":true,"href":"https:\/\/fullatacados.com.br\/index.php\/wp-json\/wp\/v2\/comments?post=9690"}],"wp:featuredmedia":[{"embeddable":true,"href":"https:\/\/fullatacados.com.br\/index.php\/wp-json\/wp\/v2\/media\/9691"}],"wp:attachment":[{"href":"https:\/\/fullatacados.com.br\/index.php\/wp-json\/wp\/v2\/media?parent=9690"}],"wp:term":[{"taxonomy":"product_brand","embeddable":true,"href":"https:\/\/fullatacados.com.br\/index.php\/wp-json\/wp\/v2\/product_brand?post=9690"},{"taxonomy":"product_cat","embeddable":true,"href":"https:\/\/fullatacados.com.br\/index.php\/wp-json\/wp\/v2\/product_cat?post=9690"},{"taxonomy":"product_tag","embeddable":true,"href":"https:\/\/fullatacados.com.br\/index.php\/wp-json\/wp\/v2\/product_tag?post=9690"}],"curies":[{"name":"wp","href":"https:\/\/api.w.org\/{rel}","templated":true}]}}