{"id":9688,"date":"2025-05-24T03:35:51","date_gmt":"2025-05-24T06:35:51","guid":{"rendered":"http:\/\/fullatacados.com.br\/index.php\/produto\/filtro-ar-biz100-13-15\/"},"modified":"2026-03-06T08:30:07","modified_gmt":"2026-03-06T11:30:07","slug":"filtro-ar-biz100-13-15","status":"publish","type":"product","link":"https:\/\/fullatacados.com.br\/index.php\/produto\/filtro-ar-biz100-13-15\/","title":{"rendered":"FILTRO AR BIZ100 13\/15"},"content":{"rendered":"<p>O Filtro de Ar Vedamotors S4V0210200085 \u00e9 projetado para garantir o excelente funcionamento do motor da Honda Biz 100, modelos de 2012 a 2015. Com papel filtrante de alta densidade, proporciona maior grau de filtragem, retendo impurezas e permitindo apenas a passagem de ar limpo. Isso resulta em melhor desempenho e durabilidade do motor. Fabricado com materiais de alta qualidade, oferece veda\u00e7\u00e3o eficiente e longa vida \u00fatil.<\/p>\n","protected":false},"excerpt":{"rendered":"<p>Filtro de ar Vedamotors para Honda Biz 100 (2012 a 2015), modelo S4V0210200085, com papel filtrante de alta densidade, garantindo desempenho e prote\u00e7\u00e3o ao motor.<\/p>\n","protected":false},"featured_media":9689,"comment_status":"closed","ping_status":"closed","template":"","meta":{"_joinchat":[]},"product_brand":[203],"product_cat":[46,482,15],"product_tag":[],"class_list":{"0":"post-9688","1":"product","2":"type-product","3":"status-publish","4":"has-post-thumbnail","6":"product_brand-vedamotors","7":"product_cat-filtro","8":"product_cat-moto-pecas","9":"product_cat-sem-categoria","10":"product_shipping_class-envionormal","12":"first","13":"instock","14":"purchasable","15":"product-type-simple"},"_links":{"self":[{"href":"https:\/\/fullatacados.com.br\/index.php\/wp-json\/wp\/v2\/product\/9688","targetHints":{"allow":["GET"]}}],"collection":[{"href":"https:\/\/fullatacados.com.br\/index.php\/wp-json\/wp\/v2\/product"}],"about":[{"href":"https:\/\/fullatacados.com.br\/index.php\/wp-json\/wp\/v2\/types\/product"}],"replies":[{"embeddable":true,"href":"https:\/\/fullatacados.com.br\/index.php\/wp-json\/wp\/v2\/comments?post=9688"}],"wp:featuredmedia":[{"embeddable":true,"href":"https:\/\/fullatacados.com.br\/index.php\/wp-json\/wp\/v2\/media\/9689"}],"wp:attachment":[{"href":"https:\/\/fullatacados.com.br\/index.php\/wp-json\/wp\/v2\/media?parent=9688"}],"wp:term":[{"taxonomy":"product_brand","embeddable":true,"href":"https:\/\/fullatacados.com.br\/index.php\/wp-json\/wp\/v2\/product_brand?post=9688"},{"taxonomy":"product_cat","embeddable":true,"href":"https:\/\/fullatacados.com.br\/index.php\/wp-json\/wp\/v2\/product_cat?post=9688"},{"taxonomy":"product_tag","embeddable":true,"href":"https:\/\/fullatacados.com.br\/index.php\/wp-json\/wp\/v2\/product_tag?post=9688"}],"curies":[{"name":"wp","href":"https:\/\/api.w.org\/{rel}","templated":true}]}}