{"id":9684,"date":"2025-05-24T03:35:33","date_gmt":"2025-05-24T06:35:33","guid":{"rendered":"http:\/\/fullatacados.com.br\/index.php\/produto\/capacete-tork-new-libert-tree-verm-58\/"},"modified":"2026-04-28T14:20:07","modified_gmt":"2026-04-28T17:20:07","slug":"capacete-tork-new-libert-tree-verm-58","status":"publish","type":"product","link":"https:\/\/fullatacados.com.br\/index.php\/produto\/capacete-tork-new-libert-tree-verm-58\/","title":{"rendered":"CAPACETE TORK NEW LIBERT TREE VERM 58"},"content":{"rendered":"<p>O Capacete Pro Tork New Liberty Three Vermelho Tamanho 58 \u00e9 um modelo aberto, ideal para uso urbano. Possui casco injetado em ABS natural de alto impacto, viseira cristal de 2mm em policarbonato, forro antial\u00e9rgico e cinta jugular com fecho microm\u00e9trico. Seu design moderno e acabamento brilhante proporcionam estilo e seguran\u00e7a. Produto certificado pelo INMETRO.<\/p>\n","protected":false},"excerpt":{"rendered":"<p>Capacete aberto Pro Tork New Liberty Three na cor vermelha, tamanho 58, com casco em ABS, viseira cristal de 2mm, forro antial\u00e9rgico e fecho microm\u00e9trico. Ideal para uso urbano, oferecendo seguran\u00e7a e estilo.<\/p>\n","protected":false},"featured_media":9685,"comment_status":"closed","ping_status":"closed","template":"","meta":{"_joinchat":[]},"product_brand":[183],"product_cat":[101,482],"product_tag":[],"class_list":{"0":"post-9684","1":"product","2":"type-product","3":"status-publish","4":"has-post-thumbnail","6":"product_brand-pro-tork","7":"product_cat-capacete","8":"product_cat-moto-pecas","9":"product_shipping_class-envionormal","11":"first","12":"instock","13":"featured","14":"purchasable","15":"product-type-simple"},"_links":{"self":[{"href":"https:\/\/fullatacados.com.br\/index.php\/wp-json\/wp\/v2\/product\/9684","targetHints":{"allow":["GET"]}}],"collection":[{"href":"https:\/\/fullatacados.com.br\/index.php\/wp-json\/wp\/v2\/product"}],"about":[{"href":"https:\/\/fullatacados.com.br\/index.php\/wp-json\/wp\/v2\/types\/product"}],"replies":[{"embeddable":true,"href":"https:\/\/fullatacados.com.br\/index.php\/wp-json\/wp\/v2\/comments?post=9684"}],"wp:featuredmedia":[{"embeddable":true,"href":"https:\/\/fullatacados.com.br\/index.php\/wp-json\/wp\/v2\/media\/9685"}],"wp:attachment":[{"href":"https:\/\/fullatacados.com.br\/index.php\/wp-json\/wp\/v2\/media?parent=9684"}],"wp:term":[{"taxonomy":"product_brand","embeddable":true,"href":"https:\/\/fullatacados.com.br\/index.php\/wp-json\/wp\/v2\/product_brand?post=9684"},{"taxonomy":"product_cat","embeddable":true,"href":"https:\/\/fullatacados.com.br\/index.php\/wp-json\/wp\/v2\/product_cat?post=9684"},{"taxonomy":"product_tag","embeddable":true,"href":"https:\/\/fullatacados.com.br\/index.php\/wp-json\/wp\/v2\/product_tag?post=9684"}],"curies":[{"name":"wp","href":"https:\/\/api.w.org\/{rel}","templated":true}]}}