{"id":9676,"date":"2025-05-24T03:35:33","date_gmt":"2025-05-24T06:35:33","guid":{"rendered":"http:\/\/fullatacados.com.br\/index.php\/produto\/capacete-tork-new-libert-tree-ptf-60\/"},"modified":"2026-04-27T11:00:07","modified_gmt":"2026-04-27T14:00:07","slug":"capacete-tork-new-libert-tree-ptf-60","status":"publish","type":"product","link":"https:\/\/fullatacados.com.br\/index.php\/produto\/capacete-tork-new-libert-tree-ptf-60\/","title":{"rendered":"CAPACETE TORK NEW LIBERT TREE PTF 60"},"content":{"rendered":"<p>O Capacete Pro Tork New Liberty Three Preto Fosco Tamanho 60 \u00e9 um modelo aberto, ideal para uso urbano. Possui casco injetado em ABS natural de alto impacto, viseira cristal de 2mm em policarbonato, forro antial\u00e9rgico e cinta jugular com fecho microm\u00e9trico. Seu design moderno e acabamento fosco proporcionam estilo e seguran\u00e7a. Produto certificado pelo INMETRO.<\/p>\n","protected":false},"excerpt":{"rendered":"<p>Capacete aberto Pro Tork New Liberty Three na cor preta fosca, tamanho 60, com casco em ABS, viseira cristal de 2mm, forro antial\u00e9rgico e fecho microm\u00e9trico. Ideal para uso urbano, oferecendo seguran\u00e7a e estilo.<\/p>\n","protected":false},"featured_media":9677,"comment_status":"closed","ping_status":"closed","template":"","meta":{"_joinchat":[]},"product_brand":[183],"product_cat":[101,482],"product_tag":[],"class_list":{"0":"post-9676","1":"product","2":"type-product","3":"status-publish","4":"has-post-thumbnail","6":"product_brand-pro-tork","7":"product_cat-capacete","8":"product_cat-moto-pecas","9":"product_shipping_class-envionormal","11":"first","12":"instock","13":"purchasable","14":"product-type-simple"},"_links":{"self":[{"href":"https:\/\/fullatacados.com.br\/index.php\/wp-json\/wp\/v2\/product\/9676","targetHints":{"allow":["GET"]}}],"collection":[{"href":"https:\/\/fullatacados.com.br\/index.php\/wp-json\/wp\/v2\/product"}],"about":[{"href":"https:\/\/fullatacados.com.br\/index.php\/wp-json\/wp\/v2\/types\/product"}],"replies":[{"embeddable":true,"href":"https:\/\/fullatacados.com.br\/index.php\/wp-json\/wp\/v2\/comments?post=9676"}],"wp:featuredmedia":[{"embeddable":true,"href":"https:\/\/fullatacados.com.br\/index.php\/wp-json\/wp\/v2\/media\/9677"}],"wp:attachment":[{"href":"https:\/\/fullatacados.com.br\/index.php\/wp-json\/wp\/v2\/media?parent=9676"}],"wp:term":[{"taxonomy":"product_brand","embeddable":true,"href":"https:\/\/fullatacados.com.br\/index.php\/wp-json\/wp\/v2\/product_brand?post=9676"},{"taxonomy":"product_cat","embeddable":true,"href":"https:\/\/fullatacados.com.br\/index.php\/wp-json\/wp\/v2\/product_cat?post=9676"},{"taxonomy":"product_tag","embeddable":true,"href":"https:\/\/fullatacados.com.br\/index.php\/wp-json\/wp\/v2\/product_tag?post=9676"}],"curies":[{"name":"wp","href":"https:\/\/api.w.org\/{rel}","templated":true}]}}