{"id":9647,"date":"2025-05-24T03:35:12","date_gmt":"2025-05-24T06:35:12","guid":{"rendered":"http:\/\/fullatacados.com.br\/index.php\/produto\/capacete-tork-new-atomic-harley-skul-58\/"},"modified":"2025-12-01T13:27:47","modified_gmt":"2025-12-01T16:27:47","slug":"capacete-tork-new-atomic-harley-skul-58","status":"publish","type":"product","link":"https:\/\/fullatacados.com.br\/index.php\/produto\/capacete-tork-new-atomic-harley-skul-58\/","title":{"rendered":"CAPACETE TORK NEW ATOMIC HARLEY SKUL 58"},"content":{"rendered":"<p>O Capacete Pro Tork New Atomic Skull Riders Preto\/Laranja Fosco Tamanho 58 (CAP-432LRPTF) \u00e9 um modelo aberto com design moderno e gr\u00e1fico em transfer, oferecendo maior resist\u00eancia \u00e0 a\u00e7\u00e3o do tempo. Possui viseira cristal de 2mm e sub-viseira solar fum\u00ea, proporcionando conforto e seguran\u00e7a. Conta com cinta jugular de fecho microm\u00e9trico e forra\u00e7\u00e3o antial\u00e9rgica com a\u00e7\u00e3o antibactericida. Produto certificado pelo INMETRO.<\/p>\n","protected":false},"excerpt":{"rendered":"<p>Capacete aberto Pro Tork New Atomic Skull Riders na cor preto\/laranja fosco, tamanho 58, com viseira cristal, sub-viseira solar fum\u00ea, casco em ABS e forro antial\u00e9rgico. Ideal para uso urbano, oferecendo seguran\u00e7a e estilo.<\/p>\n","protected":false},"featured_media":9648,"comment_status":"closed","ping_status":"open","template":"","meta":{"_joinchat":[]},"product_brand":[183],"product_cat":[101,482],"product_tag":[],"class_list":{"0":"post-9647","1":"product","2":"type-product","3":"status-publish","4":"has-post-thumbnail","6":"product_brand-pro-tork","7":"product_cat-capacete","8":"product_cat-moto-pecas","9":"product_shipping_class-envionormal","11":"first","12":"outofstock","13":"purchasable","14":"product-type-simple"},"_links":{"self":[{"href":"https:\/\/fullatacados.com.br\/index.php\/wp-json\/wp\/v2\/product\/9647","targetHints":{"allow":["GET"]}}],"collection":[{"href":"https:\/\/fullatacados.com.br\/index.php\/wp-json\/wp\/v2\/product"}],"about":[{"href":"https:\/\/fullatacados.com.br\/index.php\/wp-json\/wp\/v2\/types\/product"}],"replies":[{"embeddable":true,"href":"https:\/\/fullatacados.com.br\/index.php\/wp-json\/wp\/v2\/comments?post=9647"}],"wp:featuredmedia":[{"embeddable":true,"href":"https:\/\/fullatacados.com.br\/index.php\/wp-json\/wp\/v2\/media\/9648"}],"wp:attachment":[{"href":"https:\/\/fullatacados.com.br\/index.php\/wp-json\/wp\/v2\/media?parent=9647"}],"wp:term":[{"taxonomy":"product_brand","embeddable":true,"href":"https:\/\/fullatacados.com.br\/index.php\/wp-json\/wp\/v2\/product_brand?post=9647"},{"taxonomy":"product_cat","embeddable":true,"href":"https:\/\/fullatacados.com.br\/index.php\/wp-json\/wp\/v2\/product_cat?post=9647"},{"taxonomy":"product_tag","embeddable":true,"href":"https:\/\/fullatacados.com.br\/index.php\/wp-json\/wp\/v2\/product_tag?post=9647"}],"curies":[{"name":"wp","href":"https:\/\/api.w.org\/{rel}","templated":true}]}}