{"id":9639,"date":"2025-05-24T03:35:12","date_gmt":"2025-05-24T06:35:12","guid":{"rendered":"http:\/\/fullatacados.com.br\/index.php\/produto\/capacete-tork-libert-four-rosa-60\/"},"modified":"2026-04-15T17:40:07","modified_gmt":"2026-04-15T20:40:07","slug":"capacete-tork-libert-four-rosa-60","status":"publish","type":"product","link":"https:\/\/fullatacados.com.br\/index.php\/produto\/capacete-tork-libert-four-rosa-60\/","title":{"rendered":"CAPACETE TORK LIBERT FOUR ROSA 60"},"content":{"rendered":"<p>O Capacete Pro Tork Liberty Four For Girls Rosa Tamanho 60 (CAP-190RS) \u00e9 um modelo integral fechado, desenvolvido especialmente para o p\u00fablico feminino, oferecendo seguran\u00e7a, conforto e um design diferenciado.<\/p>\n","protected":false},"excerpt":{"rendered":"<p>Capacete fechado Pro Tork Liberty Four For Girls na cor rosa, tamanho 60, com casco em ABS, forro antial\u00e9rgico e viseira de alto impacto. Ideal para uso urbano, oferecendo seguran\u00e7a, conforto e um design feminino exclusivo.<\/p>\n","protected":false},"featured_media":9640,"comment_status":"closed","ping_status":"closed","template":"","meta":{"_joinchat":[]},"product_brand":[183],"product_cat":[101,482],"product_tag":[],"class_list":{"0":"post-9639","1":"product","2":"type-product","3":"status-publish","4":"has-post-thumbnail","6":"product_brand-pro-tork","7":"product_cat-capacete","8":"product_cat-moto-pecas","9":"product_shipping_class-envionormal","11":"first","12":"instock","13":"purchasable","14":"product-type-simple"},"_links":{"self":[{"href":"https:\/\/fullatacados.com.br\/index.php\/wp-json\/wp\/v2\/product\/9639","targetHints":{"allow":["GET"]}}],"collection":[{"href":"https:\/\/fullatacados.com.br\/index.php\/wp-json\/wp\/v2\/product"}],"about":[{"href":"https:\/\/fullatacados.com.br\/index.php\/wp-json\/wp\/v2\/types\/product"}],"replies":[{"embeddable":true,"href":"https:\/\/fullatacados.com.br\/index.php\/wp-json\/wp\/v2\/comments?post=9639"}],"wp:featuredmedia":[{"embeddable":true,"href":"https:\/\/fullatacados.com.br\/index.php\/wp-json\/wp\/v2\/media\/9640"}],"wp:attachment":[{"href":"https:\/\/fullatacados.com.br\/index.php\/wp-json\/wp\/v2\/media?parent=9639"}],"wp:term":[{"taxonomy":"product_brand","embeddable":true,"href":"https:\/\/fullatacados.com.br\/index.php\/wp-json\/wp\/v2\/product_brand?post=9639"},{"taxonomy":"product_cat","embeddable":true,"href":"https:\/\/fullatacados.com.br\/index.php\/wp-json\/wp\/v2\/product_cat?post=9639"},{"taxonomy":"product_tag","embeddable":true,"href":"https:\/\/fullatacados.com.br\/index.php\/wp-json\/wp\/v2\/product_tag?post=9639"}],"curies":[{"name":"wp","href":"https:\/\/api.w.org\/{rel}","templated":true}]}}