{"id":9633,"date":"2025-05-24T03:35:12","date_gmt":"2025-05-24T06:35:12","guid":{"rendered":"http:\/\/fullatacados.com.br\/index.php\/produto\/capacete-tork-libert-four-kid-ros-fe-54\/"},"modified":"2026-04-22T13:25:07","modified_gmt":"2026-04-22T16:25:07","slug":"capacete-tork-libert-four-kid-ros-fe-54","status":"publish","type":"product","link":"https:\/\/fullatacados.com.br\/index.php\/produto\/capacete-tork-libert-four-kid-ros-fe-54\/","title":{"rendered":"CAPACETE TORK LIBERT FOUR KID ROS FE 54"},"content":{"rendered":"<p>O Capacete Pro Tork Liberty Four Kids Rosa Tamanho 54 (CAP-166RS) \u00e9 ideal para crian\u00e7as que buscam seguran\u00e7a e estilo. Com design aerodin\u00e2mico e acabamento rosa vibrante, possui casco em ABS de alto impacto, viseira de policarbonato de 2mm com tratamento antirrisco e forro antial\u00e9rgico. A cinta jugular com fecho microm\u00e9trico garante praticidade e seguran\u00e7a. Produto certificado pelo INMETRO.<\/p>\n","protected":false},"excerpt":{"rendered":"<p>Capacete infantil fechado Pro Tork Liberty Four Kids rosa, tamanho 54, com casco em ABS, viseira resistente e forro antial\u00e9rgico. Seguran\u00e7a e conforto para os pequenos motociclistas.<\/p>\n","protected":false},"featured_media":9634,"comment_status":"closed","ping_status":"closed","template":"","meta":{"_joinchat":[]},"product_brand":[184],"product_cat":[101,482],"product_tag":[],"class_list":{"0":"post-9633","1":"product","2":"type-product","3":"status-publish","4":"has-post-thumbnail","6":"product_brand-tork","7":"product_cat-capacete","8":"product_cat-moto-pecas","9":"product_shipping_class-envionormal","11":"first","12":"instock","13":"purchasable","14":"product-type-simple"},"_links":{"self":[{"href":"https:\/\/fullatacados.com.br\/index.php\/wp-json\/wp\/v2\/product\/9633","targetHints":{"allow":["GET"]}}],"collection":[{"href":"https:\/\/fullatacados.com.br\/index.php\/wp-json\/wp\/v2\/product"}],"about":[{"href":"https:\/\/fullatacados.com.br\/index.php\/wp-json\/wp\/v2\/types\/product"}],"replies":[{"embeddable":true,"href":"https:\/\/fullatacados.com.br\/index.php\/wp-json\/wp\/v2\/comments?post=9633"}],"wp:featuredmedia":[{"embeddable":true,"href":"https:\/\/fullatacados.com.br\/index.php\/wp-json\/wp\/v2\/media\/9634"}],"wp:attachment":[{"href":"https:\/\/fullatacados.com.br\/index.php\/wp-json\/wp\/v2\/media?parent=9633"}],"wp:term":[{"taxonomy":"product_brand","embeddable":true,"href":"https:\/\/fullatacados.com.br\/index.php\/wp-json\/wp\/v2\/product_brand?post=9633"},{"taxonomy":"product_cat","embeddable":true,"href":"https:\/\/fullatacados.com.br\/index.php\/wp-json\/wp\/v2\/product_cat?post=9633"},{"taxonomy":"product_tag","embeddable":true,"href":"https:\/\/fullatacados.com.br\/index.php\/wp-json\/wp\/v2\/product_tag?post=9633"}],"curies":[{"name":"wp","href":"https:\/\/api.w.org\/{rel}","templated":true}]}}