{"id":9619,"date":"2025-05-24T03:35:12","date_gmt":"2025-05-24T06:35:12","guid":{"rendered":"http:\/\/fullatacados.com.br\/index.php\/produto\/capacete-tork-libert-four-fem-preto-56\/"},"modified":"2026-04-13T10:40:08","modified_gmt":"2026-04-13T13:40:08","slug":"capacete-tork-libert-four-fem-preto-56","status":"publish","type":"product","link":"https:\/\/fullatacados.com.br\/index.php\/produto\/capacete-tork-libert-four-fem-preto-56\/","title":{"rendered":"CAPACETE TORK LIBERT FOUR FEM PRETO 56"},"content":{"rendered":"<p>O Capacete Pro Tork Liberty Four For Girls Preto Tamanho 56 (CAP-188PT) \u00e9 um modelo integral fechado, desenvolvido especialmente para o p\u00fablico feminino, oferecendo seguran\u00e7a, conforto e um design diferenciado.<\/p>\n","protected":false},"excerpt":{"rendered":"<p>https:\/\/images-shoptime.b2w.io\/produtos\/5859913603\/imagens\/capacete-pro-tork-liberty-four-girls-preto\/5859913603_1_xlarge.jpg<\/p>\n","protected":false},"featured_media":9620,"comment_status":"closed","ping_status":"closed","template":"","meta":{"_joinchat":[]},"product_brand":[183],"product_cat":[101,482],"product_tag":[],"class_list":{"0":"post-9619","1":"product","2":"type-product","3":"status-publish","4":"has-post-thumbnail","6":"product_brand-pro-tork","7":"product_cat-capacete","8":"product_cat-moto-pecas","9":"product_shipping_class-envionormal","11":"first","12":"instock","13":"purchasable","14":"product-type-simple"},"_links":{"self":[{"href":"https:\/\/fullatacados.com.br\/index.php\/wp-json\/wp\/v2\/product\/9619","targetHints":{"allow":["GET"]}}],"collection":[{"href":"https:\/\/fullatacados.com.br\/index.php\/wp-json\/wp\/v2\/product"}],"about":[{"href":"https:\/\/fullatacados.com.br\/index.php\/wp-json\/wp\/v2\/types\/product"}],"replies":[{"embeddable":true,"href":"https:\/\/fullatacados.com.br\/index.php\/wp-json\/wp\/v2\/comments?post=9619"}],"wp:featuredmedia":[{"embeddable":true,"href":"https:\/\/fullatacados.com.br\/index.php\/wp-json\/wp\/v2\/media\/9620"}],"wp:attachment":[{"href":"https:\/\/fullatacados.com.br\/index.php\/wp-json\/wp\/v2\/media?parent=9619"}],"wp:term":[{"taxonomy":"product_brand","embeddable":true,"href":"https:\/\/fullatacados.com.br\/index.php\/wp-json\/wp\/v2\/product_brand?post=9619"},{"taxonomy":"product_cat","embeddable":true,"href":"https:\/\/fullatacados.com.br\/index.php\/wp-json\/wp\/v2\/product_cat?post=9619"},{"taxonomy":"product_tag","embeddable":true,"href":"https:\/\/fullatacados.com.br\/index.php\/wp-json\/wp\/v2\/product_tag?post=9619"}],"curies":[{"name":"wp","href":"https:\/\/api.w.org\/{rel}","templated":true}]}}