{"id":9579,"date":"2025-05-24T03:34:52","date_gmt":"2025-05-24T06:34:52","guid":{"rendered":"http:\/\/fullatacados.com.br\/index.php\/produto\/capa-banco-pcx150-12-16-preta\/"},"modified":"2026-03-31T10:40:08","modified_gmt":"2026-03-31T13:40:08","slug":"capa-banco-pcx150-12-16-preta","status":"publish","type":"product","link":"https:\/\/fullatacados.com.br\/index.php\/produto\/capa-banco-pcx150-12-16-preta\/","title":{"rendered":"CAPA BANCO PCX150 12\/16 PRETA"},"content":{"rendered":"<p>A Capa de Banco Protercapas CHPVS1201 \u00e9 projetada para os modelos Honda PCX 150 fabricados entre 2012 e 2016. Confeccionada em material sint\u00e9tico de alta qualidade, oferece resist\u00eancia e durabilidade, protegendo o assento original contra desgastes e intemp\u00e9ries. Seu design segue o padr\u00e3o original, garantindo um encaixe perfeito e acabamento profissional.<\/p>\n","protected":false},"excerpt":{"rendered":"<p>Capa de banco preta para Honda PCX 150 (2012 a 2016), fabricada pela Protercapas, com design original e material resistente, oferecendo prote\u00e7\u00e3o e renova\u00e7\u00e3o ao assento da motocicleta.<\/p>\n","protected":false},"featured_media":9580,"comment_status":"closed","ping_status":"closed","template":"","meta":{"_joinchat":[]},"product_brand":[191],"product_cat":[75,482,15],"product_tag":[],"class_list":{"0":"post-9579","1":"product","2":"type-product","3":"status-publish","4":"has-post-thumbnail","6":"product_brand-protercapas","7":"product_cat-capa","8":"product_cat-moto-pecas","9":"product_cat-sem-categoria","10":"product_shipping_class-envionormal","12":"first","13":"instock","14":"purchasable","15":"product-type-simple"},"_links":{"self":[{"href":"https:\/\/fullatacados.com.br\/index.php\/wp-json\/wp\/v2\/product\/9579","targetHints":{"allow":["GET"]}}],"collection":[{"href":"https:\/\/fullatacados.com.br\/index.php\/wp-json\/wp\/v2\/product"}],"about":[{"href":"https:\/\/fullatacados.com.br\/index.php\/wp-json\/wp\/v2\/types\/product"}],"replies":[{"embeddable":true,"href":"https:\/\/fullatacados.com.br\/index.php\/wp-json\/wp\/v2\/comments?post=9579"}],"wp:featuredmedia":[{"embeddable":true,"href":"https:\/\/fullatacados.com.br\/index.php\/wp-json\/wp\/v2\/media\/9580"}],"wp:attachment":[{"href":"https:\/\/fullatacados.com.br\/index.php\/wp-json\/wp\/v2\/media?parent=9579"}],"wp:term":[{"taxonomy":"product_brand","embeddable":true,"href":"https:\/\/fullatacados.com.br\/index.php\/wp-json\/wp\/v2\/product_brand?post=9579"},{"taxonomy":"product_cat","embeddable":true,"href":"https:\/\/fullatacados.com.br\/index.php\/wp-json\/wp\/v2\/product_cat?post=9579"},{"taxonomy":"product_tag","embeddable":true,"href":"https:\/\/fullatacados.com.br\/index.php\/wp-json\/wp\/v2\/product_tag?post=9579"}],"curies":[{"name":"wp","href":"https:\/\/api.w.org\/{rel}","templated":true}]}}