{"id":9573,"date":"2025-05-24T03:34:52","date_gmt":"2025-05-24T06:34:52","guid":{"rendered":"http:\/\/fullatacados.com.br\/index.php\/produto\/capa-banco-bros160-15-21-preta\/"},"modified":"2026-04-30T15:35:07","modified_gmt":"2026-04-30T18:35:07","slug":"capa-banco-bros160-15-21-preta","status":"publish","type":"product","link":"https:\/\/fullatacados.com.br\/index.php\/produto\/capa-banco-bros160-15-21-preta\/","title":{"rendered":"CAPA BANCO BROS160 15\/21 PRETA"},"content":{"rendered":"<p>A Capa de Banco Protercapas para Honda NXR 160 Bros (2015 a 2021) \u00e9 confeccionada em material de alta qualidade, oferecendo resist\u00eancia e durabilidade. Seu design segue o modelo original, proporcionando um encaixe perfeito e acabamento profissional. Ideal para proteger o assento da motocicleta contra desgaste, rasgos e intemp\u00e9ries, mantendo o banco sempre novo e confort\u00e1vel.<\/p>\n","protected":false},"excerpt":{"rendered":"<p>Capa de banco preta para Honda NXR 160 Bros (2015 a 2021), modelo original Protercapas, resistente e de f\u00e1cil instala\u00e7\u00e3o.<\/p>\n","protected":false},"featured_media":9574,"comment_status":"closed","ping_status":"closed","template":"","meta":{"_joinchat":[]},"product_brand":[191],"product_cat":[75,482,15],"product_tag":[],"class_list":{"0":"post-9573","1":"product","2":"type-product","3":"status-publish","4":"has-post-thumbnail","6":"product_brand-protercapas","7":"product_cat-capa","8":"product_cat-moto-pecas","9":"product_cat-sem-categoria","10":"product_shipping_class-envionormal","12":"first","13":"instock","14":"purchasable","15":"product-type-simple"},"_links":{"self":[{"href":"https:\/\/fullatacados.com.br\/index.php\/wp-json\/wp\/v2\/product\/9573","targetHints":{"allow":["GET"]}}],"collection":[{"href":"https:\/\/fullatacados.com.br\/index.php\/wp-json\/wp\/v2\/product"}],"about":[{"href":"https:\/\/fullatacados.com.br\/index.php\/wp-json\/wp\/v2\/types\/product"}],"replies":[{"embeddable":true,"href":"https:\/\/fullatacados.com.br\/index.php\/wp-json\/wp\/v2\/comments?post=9573"}],"wp:featuredmedia":[{"embeddable":true,"href":"https:\/\/fullatacados.com.br\/index.php\/wp-json\/wp\/v2\/media\/9574"}],"wp:attachment":[{"href":"https:\/\/fullatacados.com.br\/index.php\/wp-json\/wp\/v2\/media?parent=9573"}],"wp:term":[{"taxonomy":"product_brand","embeddable":true,"href":"https:\/\/fullatacados.com.br\/index.php\/wp-json\/wp\/v2\/product_brand?post=9573"},{"taxonomy":"product_cat","embeddable":true,"href":"https:\/\/fullatacados.com.br\/index.php\/wp-json\/wp\/v2\/product_cat?post=9573"},{"taxonomy":"product_tag","embeddable":true,"href":"https:\/\/fullatacados.com.br\/index.php\/wp-json\/wp\/v2\/product_tag?post=9573"}],"curies":[{"name":"wp","href":"https:\/\/api.w.org\/{rel}","templated":true}]}}