{"id":9569,"date":"2025-05-24T03:34:52","date_gmt":"2025-05-24T06:34:52","guid":{"rendered":"http:\/\/fullatacados.com.br\/index.php\/produto\/caixa-direcao-xtz125-crosser-rolam\/"},"modified":"2026-04-28T11:00:09","modified_gmt":"2026-04-28T14:00:09","slug":"caixa-direcao-xtz125-crosser-rolam","status":"publish","type":"product","link":"https:\/\/fullatacados.com.br\/index.php\/produto\/caixa-direcao-xtz125-crosser-rolam\/","title":{"rendered":"CAIXA DIRECAO XTZ125\/CROSSER ROLAM"},"content":{"rendered":"<p>A Caixa de Dire\u00e7\u00e3o SMARTFOX 62130-DF0-XT01 \u00e9 um componente essencial para o sistema de dire\u00e7\u00e3o das motocicletas Yamaha XTZ 125, XTZ 150 Crosser e TTR 125. Fabricada com materiais de alta qualidade, como a\u00e7o de alta resist\u00eancia, proporciona maior durabilidade e resist\u00eancia, garantindo uma condu\u00e7\u00e3o suave e segura.<\/p>\n","protected":false},"excerpt":{"rendered":"<p>Caixa de dire\u00e7\u00e3o c\u00f4nica com colar de esferas para Yamaha XTZ 125, XTZ 150 Crosser e TTR 125, fabricada pela SMARTFOX, oferecendo alta durabilidade e desempenho superior no sistema de dire\u00e7\u00e3o.<\/p>\n","protected":false},"featured_media":9570,"comment_status":"closed","ping_status":"closed","template":"","meta":{"_joinchat":[]},"product_brand":[181],"product_cat":[74,482],"product_tag":[],"class_list":{"0":"post-9569","1":"product","2":"type-product","3":"status-publish","4":"has-post-thumbnail","6":"product_brand-smartfox","7":"product_cat-caixa","8":"product_cat-moto-pecas","9":"product_shipping_class-envionormal","11":"first","12":"instock","13":"purchasable","14":"product-type-simple"},"_links":{"self":[{"href":"https:\/\/fullatacados.com.br\/index.php\/wp-json\/wp\/v2\/product\/9569","targetHints":{"allow":["GET"]}}],"collection":[{"href":"https:\/\/fullatacados.com.br\/index.php\/wp-json\/wp\/v2\/product"}],"about":[{"href":"https:\/\/fullatacados.com.br\/index.php\/wp-json\/wp\/v2\/types\/product"}],"replies":[{"embeddable":true,"href":"https:\/\/fullatacados.com.br\/index.php\/wp-json\/wp\/v2\/comments?post=9569"}],"wp:featuredmedia":[{"embeddable":true,"href":"https:\/\/fullatacados.com.br\/index.php\/wp-json\/wp\/v2\/media\/9570"}],"wp:attachment":[{"href":"https:\/\/fullatacados.com.br\/index.php\/wp-json\/wp\/v2\/media?parent=9569"}],"wp:term":[{"taxonomy":"product_brand","embeddable":true,"href":"https:\/\/fullatacados.com.br\/index.php\/wp-json\/wp\/v2\/product_brand?post=9569"},{"taxonomy":"product_cat","embeddable":true,"href":"https:\/\/fullatacados.com.br\/index.php\/wp-json\/wp\/v2\/product_cat?post=9569"},{"taxonomy":"product_tag","embeddable":true,"href":"https:\/\/fullatacados.com.br\/index.php\/wp-json\/wp\/v2\/product_tag?post=9569"}],"curies":[{"name":"wp","href":"https:\/\/api.w.org\/{rel}","templated":true}]}}