{"id":9565,"date":"2025-05-24T03:34:37","date_gmt":"2025-05-24T06:34:37","guid":{"rendered":"http:\/\/fullatacados.com.br\/index.php\/produto\/caixa-direcao-ninja250-300-esf-kawa\/"},"modified":"2025-12-01T13:27:52","modified_gmt":"2025-12-01T16:27:52","slug":"caixa-direcao-ninja250-300-esf-kawa","status":"publish","type":"product","link":"https:\/\/fullatacados.com.br\/index.php\/produto\/caixa-direcao-ninja250-300-esf-kawa\/","title":{"rendered":"CAIXA DIRECAO NINJA250\/300 ESF KAWA"},"content":{"rendered":"<p>A Caixa de Dire\u00e7\u00e3o Danidrea 05029 \u00e9 um componente essencial para o sistema de dire\u00e7\u00e3o das motocicletas Kawasaki Ninja 250 e Ninja 300. Fabricada com materiais de alta qualidade, como a\u00e7o rolamento, proporciona maior durabilidade e resist\u00eancia, garantindo uma condu\u00e7\u00e3o suave e segura.<\/p>\n","protected":false},"excerpt":{"rendered":"<p>Caixa de dire\u00e7\u00e3o com esferas para Kawasaki Ninja 250 e Ninja 300, fabricada pela Danidrea, oferecendo alta durabilidade e desempenho superior no sistema de dire\u00e7\u00e3o.<\/p>\n","protected":false},"featured_media":9566,"comment_status":"closed","ping_status":"closed","template":"","meta":{"_joinchat":[]},"product_brand":[236],"product_cat":[74,482,15],"product_tag":[],"class_list":{"0":"post-9565","1":"product","2":"type-product","3":"status-publish","4":"has-post-thumbnail","6":"product_brand-danidrea","7":"product_cat-caixa","8":"product_cat-moto-pecas","9":"product_cat-sem-categoria","10":"product_shipping_class-envionormal","12":"first","13":"instock","14":"purchasable","15":"product-type-simple"},"_links":{"self":[{"href":"https:\/\/fullatacados.com.br\/index.php\/wp-json\/wp\/v2\/product\/9565","targetHints":{"allow":["GET"]}}],"collection":[{"href":"https:\/\/fullatacados.com.br\/index.php\/wp-json\/wp\/v2\/product"}],"about":[{"href":"https:\/\/fullatacados.com.br\/index.php\/wp-json\/wp\/v2\/types\/product"}],"replies":[{"embeddable":true,"href":"https:\/\/fullatacados.com.br\/index.php\/wp-json\/wp\/v2\/comments?post=9565"}],"wp:featuredmedia":[{"embeddable":true,"href":"https:\/\/fullatacados.com.br\/index.php\/wp-json\/wp\/v2\/media\/9566"}],"wp:attachment":[{"href":"https:\/\/fullatacados.com.br\/index.php\/wp-json\/wp\/v2\/media?parent=9565"}],"wp:term":[{"taxonomy":"product_brand","embeddable":true,"href":"https:\/\/fullatacados.com.br\/index.php\/wp-json\/wp\/v2\/product_brand?post=9565"},{"taxonomy":"product_cat","embeddable":true,"href":"https:\/\/fullatacados.com.br\/index.php\/wp-json\/wp\/v2\/product_cat?post=9565"},{"taxonomy":"product_tag","embeddable":true,"href":"https:\/\/fullatacados.com.br\/index.php\/wp-json\/wp\/v2\/product_tag?post=9565"}],"curies":[{"name":"wp","href":"https:\/\/api.w.org\/{rel}","templated":true}]}}