{"id":9563,"date":"2025-05-24T03:34:37","date_gmt":"2025-05-24T06:34:37","guid":{"rendered":"http:\/\/fullatacados.com.br\/index.php\/produto\/caixa-direcao-cbx250-cb300-cb500-sha\/"},"modified":"2026-01-12T11:40:08","modified_gmt":"2026-01-12T14:40:08","slug":"caixa-direcao-cbx250-cb300-cb500-sha","status":"publish","type":"product","link":"https:\/\/fullatacados.com.br\/index.php\/produto\/caixa-direcao-cbx250-cb300-cb500-sha\/","title":{"rendered":"CAIXA DIRECAO CBX250\/CB300\/CB500\/SHA"},"content":{"rendered":"<p>A Caixa de Dire\u00e7\u00e3o Original Honda \u2013 C\u00f3digo H5321-KVK-B00 \u00e9 um componente essencial para o sistema de dire\u00e7\u00e3o de diversas motocicletas Honda. Fabricada com materiais de alta qualidade, garante precis\u00e3o na dirigibilidade, seguran\u00e7a e durabilidade. Este kit \u00e9 composto por rolamentos e pistas, assegurando um encaixe perfeito e funcionamento suave.<\/p>\n","protected":false},"excerpt":{"rendered":"<p>Caixa de dire\u00e7\u00e3o original Honda (c\u00f3digo H5321-KVK-B00), compat\u00edvel com diversos modelos como CBX 250 Twister, CB 300R, CB 500, CB 500F, CB 500X, Shadow 600, Shadow 750, entre outros. Garante precis\u00e3o na dirigibilidade e durabilidade.<\/p>\n","protected":false},"featured_media":9564,"comment_status":"closed","ping_status":"closed","template":"","meta":{"_joinchat":[]},"product_brand":[201],"product_cat":[74,482,15],"product_tag":[],"class_list":{"0":"post-9563","1":"product","2":"type-product","3":"status-publish","4":"has-post-thumbnail","6":"product_brand-orig-honda","7":"product_cat-caixa","8":"product_cat-moto-pecas","9":"product_cat-sem-categoria","10":"product_shipping_class-envionormal","12":"first","13":"outofstock","14":"purchasable","15":"product-type-simple"},"_links":{"self":[{"href":"https:\/\/fullatacados.com.br\/index.php\/wp-json\/wp\/v2\/product\/9563","targetHints":{"allow":["GET"]}}],"collection":[{"href":"https:\/\/fullatacados.com.br\/index.php\/wp-json\/wp\/v2\/product"}],"about":[{"href":"https:\/\/fullatacados.com.br\/index.php\/wp-json\/wp\/v2\/types\/product"}],"replies":[{"embeddable":true,"href":"https:\/\/fullatacados.com.br\/index.php\/wp-json\/wp\/v2\/comments?post=9563"}],"wp:featuredmedia":[{"embeddable":true,"href":"https:\/\/fullatacados.com.br\/index.php\/wp-json\/wp\/v2\/media\/9564"}],"wp:attachment":[{"href":"https:\/\/fullatacados.com.br\/index.php\/wp-json\/wp\/v2\/media?parent=9563"}],"wp:term":[{"taxonomy":"product_brand","embeddable":true,"href":"https:\/\/fullatacados.com.br\/index.php\/wp-json\/wp\/v2\/product_brand?post=9563"},{"taxonomy":"product_cat","embeddable":true,"href":"https:\/\/fullatacados.com.br\/index.php\/wp-json\/wp\/v2\/product_cat?post=9563"},{"taxonomy":"product_tag","embeddable":true,"href":"https:\/\/fullatacados.com.br\/index.php\/wp-json\/wp\/v2\/product_tag?post=9563"}],"curies":[{"name":"wp","href":"https:\/\/api.w.org\/{rel}","templated":true}]}}