{"id":9559,"date":"2025-05-24T03:34:37","date_gmt":"2025-05-24T06:34:37","guid":{"rendered":"http:\/\/fullatacados.com.br\/index.php\/produto\/bucha-coroa-ybr-crypton-todas\/"},"modified":"2026-05-02T12:45:07","modified_gmt":"2026-05-02T15:45:07","slug":"bucha-coroa-ybr-crypton-todas","status":"publish","type":"product","link":"https:\/\/fullatacados.com.br\/index.php\/produto\/bucha-coroa-ybr-crypton-todas\/","title":{"rendered":"BUCHA COROA YBR\/CRYPTON TODAS"},"content":{"rendered":"<p>O Jogo de Buchas da Coroa (Coxim) EMBUS\/ILION \u2013 C\u00f3digo 811-E \u00e9 composto por 4 pe\u00e7as fabricadas em borracha de alta resist\u00eancia. Essas buchas s\u00e3o projetadas para absorver impactos e reduzir vibra\u00e7\u00f5es entre a coroa e o cubo da roda traseira, proporcionando uma condu\u00e7\u00e3o mais suave e prolongando a vida \u00fatil dos componentes da transmiss\u00e3o.<\/p>\n","protected":false},"excerpt":{"rendered":"<p>Jogo com 4 buchas de borracha para coroa traseira, compat\u00edvel com modelos Yamaha YBR 125, Crypton 115, Factor 125, Fazer 150 e Sundown Max 125. Fabricadas pela EMBUS\/ILION, oferecem alta durabilidade e absor\u00e7\u00e3o eficiente de vibra\u00e7\u00f5es.<\/p>\n","protected":false},"featured_media":9560,"comment_status":"closed","ping_status":"closed","template":"","meta":{"_joinchat":[]},"product_brand":[182],"product_cat":[53,482,15],"product_tag":[],"class_list":{"0":"post-9559","1":"product","2":"type-product","3":"status-publish","4":"has-post-thumbnail","6":"product_brand-embus-ilion","7":"product_cat-bucha","8":"product_cat-moto-pecas","9":"product_cat-sem-categoria","10":"product_shipping_class-envionormal","12":"first","13":"instock","14":"featured","15":"purchasable","16":"product-type-simple"},"_links":{"self":[{"href":"https:\/\/fullatacados.com.br\/index.php\/wp-json\/wp\/v2\/product\/9559","targetHints":{"allow":["GET"]}}],"collection":[{"href":"https:\/\/fullatacados.com.br\/index.php\/wp-json\/wp\/v2\/product"}],"about":[{"href":"https:\/\/fullatacados.com.br\/index.php\/wp-json\/wp\/v2\/types\/product"}],"replies":[{"embeddable":true,"href":"https:\/\/fullatacados.com.br\/index.php\/wp-json\/wp\/v2\/comments?post=9559"}],"wp:featuredmedia":[{"embeddable":true,"href":"https:\/\/fullatacados.com.br\/index.php\/wp-json\/wp\/v2\/media\/9560"}],"wp:attachment":[{"href":"https:\/\/fullatacados.com.br\/index.php\/wp-json\/wp\/v2\/media?parent=9559"}],"wp:term":[{"taxonomy":"product_brand","embeddable":true,"href":"https:\/\/fullatacados.com.br\/index.php\/wp-json\/wp\/v2\/product_brand?post=9559"},{"taxonomy":"product_cat","embeddable":true,"href":"https:\/\/fullatacados.com.br\/index.php\/wp-json\/wp\/v2\/product_cat?post=9559"},{"taxonomy":"product_tag","embeddable":true,"href":"https:\/\/fullatacados.com.br\/index.php\/wp-json\/wp\/v2\/product_tag?post=9559"}],"curies":[{"name":"wp","href":"https:\/\/api.w.org\/{rel}","templated":true}]}}