{"id":9549,"date":"2025-05-24T03:34:37","date_gmt":"2025-05-24T06:34:37","guid":{"rendered":"http:\/\/fullatacados.com.br\/index.php\/produto\/bico-roda-curvo\/"},"modified":"2026-04-29T14:00:07","modified_gmt":"2026-04-29T17:00:07","slug":"bico-roda-curvo","status":"publish","type":"product","link":"https:\/\/fullatacados.com.br\/index.php\/produto\/bico-roda-curvo\/","title":{"rendered":"BICO RODA CURVO TORTO"},"content":{"rendered":"<p>O Bico de Roda Curvo 90\u00b0 para Moto \u00e9 um componente essencial para motocicletas com rodas sem c\u00e2mara, facilitando o processo de calibragem dos pneus. Sua curvatura de 90 graus permite um acesso mais pr\u00e1tico \u00e0 v\u00e1lvula, especialmente em rodas de liga leve. Fabricado em materiais de alta qualidade, como lat\u00e3o e borracha, oferece resist\u00eancia \u00e0 corros\u00e3o e durabilidade.<\/p>\n","protected":false},"excerpt":{"rendered":"<p>Bico de roda curvo 90\u00b0 para motos com rodas sem c\u00e2mara, fabricado em lat\u00e3o e borracha, proporcionando facilidade na calibragem e maior durabilidade.<\/p>\n","protected":false},"featured_media":9550,"comment_status":"closed","ping_status":"closed","template":"","meta":{"_joinchat":[]},"product_brand":[199],"product_cat":[44,482],"product_tag":[],"class_list":{"0":"post-9549","1":"product","2":"type-product","3":"status-publish","4":"has-post-thumbnail","6":"product_brand-importado","7":"product_cat-bico","8":"product_cat-moto-pecas","9":"product_shipping_class-envionormal","11":"first","12":"instock","13":"purchasable","14":"product-type-simple"},"_links":{"self":[{"href":"https:\/\/fullatacados.com.br\/index.php\/wp-json\/wp\/v2\/product\/9549","targetHints":{"allow":["GET"]}}],"collection":[{"href":"https:\/\/fullatacados.com.br\/index.php\/wp-json\/wp\/v2\/product"}],"about":[{"href":"https:\/\/fullatacados.com.br\/index.php\/wp-json\/wp\/v2\/types\/product"}],"replies":[{"embeddable":true,"href":"https:\/\/fullatacados.com.br\/index.php\/wp-json\/wp\/v2\/comments?post=9549"}],"wp:featuredmedia":[{"embeddable":true,"href":"https:\/\/fullatacados.com.br\/index.php\/wp-json\/wp\/v2\/media\/9550"}],"wp:attachment":[{"href":"https:\/\/fullatacados.com.br\/index.php\/wp-json\/wp\/v2\/media?parent=9549"}],"wp:term":[{"taxonomy":"product_brand","embeddable":true,"href":"https:\/\/fullatacados.com.br\/index.php\/wp-json\/wp\/v2\/product_brand?post=9549"},{"taxonomy":"product_cat","embeddable":true,"href":"https:\/\/fullatacados.com.br\/index.php\/wp-json\/wp\/v2\/product_cat?post=9549"},{"taxonomy":"product_tag","embeddable":true,"href":"https:\/\/fullatacados.com.br\/index.php\/wp-json\/wp\/v2\/product_tag?post=9549"}],"curies":[{"name":"wp","href":"https:\/\/api.w.org\/{rel}","templated":true}]}}