{"id":9547,"date":"2025-05-24T03:34:37","date_gmt":"2025-05-24T06:34:37","guid":{"rendered":"http:\/\/fullatacados.com.br\/index.php\/produto\/bau-biz125-porta-capacete-06-10\/"},"modified":"2026-04-22T13:35:07","modified_gmt":"2026-04-22T16:35:07","slug":"bau-biz125-porta-capacete-06-10","status":"publish","type":"product","link":"https:\/\/fullatacados.com.br\/index.php\/produto\/bau-biz125-porta-capacete-06-10\/","title":{"rendered":"BAU BIZ125 PORTA CAPACETE 06\/10"},"content":{"rendered":"<p>O Ba\u00fa Porta-Capacete Pro Tork 005-2010 \u00e9 uma pe\u00e7a de reposi\u00e7\u00e3o original, projetada para motocicletas Honda Biz 125 modelos KS e ES dos anos 2006 a 2010. Fabricado em pl\u00e1stico ABS 100% virgem, oferece alta resist\u00eancia aos raios UV e durabilidade superior. Sua tonalidade preta \u00e9 semelhante \u00e0 original, dispensando adapta\u00e7\u00f5es na instala\u00e7\u00e3o.<\/p>\n","protected":false},"excerpt":{"rendered":"<p>Ba\u00fa porta-capacete interno Pro Tork para Honda Biz 125 KS\/ES (2006 a 2010), fabricado em pl\u00e1stico ABS resistente, com tonalidade preta semelhante \u00e0 original e instala\u00e7\u00e3o sem necessidade de adapta\u00e7\u00f5es.<\/p>\n","protected":false},"featured_media":9548,"comment_status":"closed","ping_status":"closed","template":"","meta":{"_joinchat":[]},"product_brand":[184],"product_cat":[96,101,482],"product_tag":[],"class_list":{"0":"post-9547","1":"product","2":"type-product","3":"status-publish","4":"has-post-thumbnail","6":"product_brand-tork","7":"product_cat-bau","8":"product_cat-capacete","9":"product_cat-moto-pecas","10":"product_shipping_class-envionormal","12":"first","13":"instock","14":"purchasable","15":"product-type-simple"},"_links":{"self":[{"href":"https:\/\/fullatacados.com.br\/index.php\/wp-json\/wp\/v2\/product\/9547","targetHints":{"allow":["GET"]}}],"collection":[{"href":"https:\/\/fullatacados.com.br\/index.php\/wp-json\/wp\/v2\/product"}],"about":[{"href":"https:\/\/fullatacados.com.br\/index.php\/wp-json\/wp\/v2\/types\/product"}],"replies":[{"embeddable":true,"href":"https:\/\/fullatacados.com.br\/index.php\/wp-json\/wp\/v2\/comments?post=9547"}],"wp:featuredmedia":[{"embeddable":true,"href":"https:\/\/fullatacados.com.br\/index.php\/wp-json\/wp\/v2\/media\/9548"}],"wp:attachment":[{"href":"https:\/\/fullatacados.com.br\/index.php\/wp-json\/wp\/v2\/media?parent=9547"}],"wp:term":[{"taxonomy":"product_brand","embeddable":true,"href":"https:\/\/fullatacados.com.br\/index.php\/wp-json\/wp\/v2\/product_brand?post=9547"},{"taxonomy":"product_cat","embeddable":true,"href":"https:\/\/fullatacados.com.br\/index.php\/wp-json\/wp\/v2\/product_cat?post=9547"},{"taxonomy":"product_tag","embeddable":true,"href":"https:\/\/fullatacados.com.br\/index.php\/wp-json\/wp\/v2\/product_tag?post=9547"}],"curies":[{"name":"wp","href":"https:\/\/api.w.org\/{rel}","templated":true}]}}