{"id":9531,"date":"2025-05-24T03:34:37","date_gmt":"2025-05-24T06:34:37","guid":{"rendered":"http:\/\/fullatacados.com.br\/index.php\/produto\/amortecedor-yes125-scud-embus-par\/"},"modified":"2026-04-28T16:35:06","modified_gmt":"2026-04-28T19:35:06","slug":"amortecedor-yes125-scud-embus-par","status":"publish","type":"product","link":"https:\/\/fullatacados.com.br\/index.php\/produto\/amortecedor-yes125-scud-embus-par\/","title":{"rendered":"AMORTECEDOR YES125 04\/12"},"content":{"rendered":"<p>O Par de Amortecedores Traseiros Embus \u00e9 projetado para motocicletas Suzuki Yes 125, abrangendo os anos de 2005 a 2013. Com acabamento cromado e mola preta, esses amortecedores oferecem excelente absor\u00e7\u00e3o de impactos, garantindo uma condu\u00e7\u00e3o suave e confort\u00e1vel. A instala\u00e7\u00e3o \u00e9 simples, sem necessidade de adapta\u00e7\u00f5es, e o produto acompanha coxins de borracha e buchas met\u00e1licas inferiores.<\/p>\n","protected":false},"excerpt":{"rendered":"<p>Par de amortecedores traseiros Embus compat\u00edveis com Suzuki Yes 125 (2005 a 2013). Oferecem excelente absor\u00e7\u00e3o de impactos, acabamento cromado com mola preta e instala\u00e7\u00e3o f\u00e1cil sem adapta\u00e7\u00f5es.<\/p>\n","protected":false},"featured_media":9532,"comment_status":"closed","ping_status":"closed","template":"","meta":{"_joinchat":[]},"product_brand":[199],"product_cat":[170,482,15],"product_tag":[],"class_list":{"0":"post-9531","1":"product","2":"type-product","3":"status-publish","4":"has-post-thumbnail","6":"product_brand-importado","7":"product_cat-amortecedor","8":"product_cat-moto-pecas","9":"product_cat-sem-categoria","10":"product_shipping_class-envionormal","12":"first","13":"instock","14":"featured","15":"purchasable","16":"product-type-simple"},"_links":{"self":[{"href":"https:\/\/fullatacados.com.br\/index.php\/wp-json\/wp\/v2\/product\/9531","targetHints":{"allow":["GET"]}}],"collection":[{"href":"https:\/\/fullatacados.com.br\/index.php\/wp-json\/wp\/v2\/product"}],"about":[{"href":"https:\/\/fullatacados.com.br\/index.php\/wp-json\/wp\/v2\/types\/product"}],"replies":[{"embeddable":true,"href":"https:\/\/fullatacados.com.br\/index.php\/wp-json\/wp\/v2\/comments?post=9531"}],"wp:featuredmedia":[{"embeddable":true,"href":"https:\/\/fullatacados.com.br\/index.php\/wp-json\/wp\/v2\/media\/9532"}],"wp:attachment":[{"href":"https:\/\/fullatacados.com.br\/index.php\/wp-json\/wp\/v2\/media?parent=9531"}],"wp:term":[{"taxonomy":"product_brand","embeddable":true,"href":"https:\/\/fullatacados.com.br\/index.php\/wp-json\/wp\/v2\/product_brand?post=9531"},{"taxonomy":"product_cat","embeddable":true,"href":"https:\/\/fullatacados.com.br\/index.php\/wp-json\/wp\/v2\/product_cat?post=9531"},{"taxonomy":"product_tag","embeddable":true,"href":"https:\/\/fullatacados.com.br\/index.php\/wp-json\/wp\/v2\/product_tag?post=9531"}],"curies":[{"name":"wp","href":"https:\/\/api.w.org\/{rel}","templated":true}]}}