{"id":15892,"date":"2026-02-09T14:55:07","date_gmt":"2026-02-09T17:55:07","guid":{"rendered":"https:\/\/fullatacados.com.br\/index.php\/produto\/fone-de-ouvido-c-microfone-k06-imp\/"},"modified":"2026-04-17T08:55:07","modified_gmt":"2026-04-17T11:55:07","slug":"fone-de-ouvido-c-microfone-k06-imp","status":"publish","type":"product","link":"https:\/\/fullatacados.com.br\/index.php\/produto\/fone-de-ouvido-c-microfone-k06-imp\/","title":{"rendered":"FONE DE OUVIDO C\/ MICROFONE K06 IMP"},"content":{"rendered":"<p data-start=\"0\" data-end=\"246\">Fone de ouvido com microfone para capacete, desenvolvido para oferecer comunica\u00e7\u00e3o clara e conforto durante a pilotagem. Ideal para uso di\u00e1rio, permite atender chamadas, ouvir m\u00fasicas e utilizar o GPS com praticidade, sem comprometer a seguran\u00e7a.<\/p>\n<p data-start=\"248\" data-end=\"528\">Produzido com materiais resistentes e dur\u00e1veis, possui prote\u00e7\u00e3o contra \u00e1gua, garantindo desempenho confi\u00e1vel mesmo em dias de chuva ou em condi\u00e7\u00f5es adversas. O design \u00e9 discreto e compat\u00edvel com diversos modelos de capacetes, proporcionando encaixe confort\u00e1vel e f\u00e1cil instala\u00e7\u00e3o.<\/p>\n<p data-start=\"530\" data-end=\"676\" data-is-last-node=\"\" data-is-only-node=\"\">Uma excelente op\u00e7\u00e3o para motociclistas que buscam qualidade, durabilidade e \u00f3timo custo-benef\u00edcio, tornando cada trajeto mais pr\u00e1tico e conectado.<\/p>\n","protected":false},"excerpt":{"rendered":"<div class=\"flex flex-col text-sm pb-25\">\n<article class=\"text-token-text-primary w-full focus:outline-none [--shadow-height:45px] has-data-writing-block:pointer-events-none has-data-writing-block:-mt-(--shadow-height) has-data-writing-block:pt-(--shadow-height) [&amp;:has([data-writing-block])&gt;*]:pointer-events-auto scroll-mt-[calc(var(--header-height)+min(200px,max(70px,20svh)))]\" dir=\"auto\" tabindex=\"-1\" data-turn-id=\"request-WEB:d95c30fe-38ab-4090-b48d-42c878b1b134-3\" data-testid=\"conversation-turn-8\" data-scroll-anchor=\"true\" data-turn=\"assistant\">\n<div class=\"text-base my-auto mx-auto pb-10 [--thread-content-margin:--spacing(4)] @w-sm\/main:[--thread-content-margin:--spacing(6)] @w-lg\/main:[--thread-content-margin:--spacing(16)] px-(--thread-content-margin)\">\n<div class=\"[--thread-content-max-width:40rem] @w-lg\/main:[--thread-content-max-width:48rem] mx-auto max-w-(--thread-content-max-width) flex-1 group\/turn-messages focus-visible:outline-hidden relative flex w-full min-w-0 flex-col agent-turn\" tabindex=\"-1\">\n<div class=\"flex max-w-full flex-col grow\">\n<div class=\"min-h-8 text-message relative flex w-full flex-col items-end gap-2 text-start break-words whitespace-normal [.text-message+&amp;]:mt-1\" dir=\"auto\" data-message-author-role=\"assistant\" data-message-id=\"fa1532d0-17b5-4d65-97b6-3aee23cebe8b\" data-message-model-slug=\"gpt-5-2\">\n<div class=\"flex w-full flex-col gap-1 empty:hidden first:pt-[1px]\">\n<div class=\"markdown prose dark:prose-invert w-full wrap-break-word dark markdown-new-styling\">\n<p data-start=\"0\" data-end=\"291\" data-is-last-node=\"\" data-is-only-node=\"\">Fone de ouvido BLUETOOTH com microfone para capacete, resistente \u00e0 \u00e1gua e feito para o uso di\u00e1rio.<br data-start=\"88\" data-end=\"91\" \/>Oferece som claro, comunica\u00e7\u00e3o eficiente e f\u00e1cil instala\u00e7\u00e3o, ideal para chamadas, m\u00fasicas e GPS.<br data-start=\"187\" data-end=\"190\" \/>Dur\u00e1vel, pr\u00e1tico e com excelente custo-benef\u00edcio para quem quer mais conforto e seguran\u00e7a ao pilotar.<\/p>\n<\/div>\n<\/div>\n<\/div>\n<\/div>\n<div class=\"z-0 flex min-h-[46px] justify-start\"><\/div>\n<div class=\"mt-3 w-full empty:hidden\">\n<div class=\"text-center\"><\/div>\n<\/div>\n<\/div>\n<\/div>\n<\/article>\n<\/div>\n<div class=\"pointer-events-none h-px w-px absolute bottom-0\" aria-hidden=\"true\" data-edge=\"true\"><\/div>\n","protected":false},"featured_media":15894,"comment_status":"open","ping_status":"closed","template":"","meta":{"_joinchat":[]},"product_brand":[200],"product_cat":[15],"product_tag":[],"class_list":{"0":"post-15892","1":"product","2":"type-product","3":"status-publish","4":"has-post-thumbnail","6":"product_brand-shiver","7":"product_cat-sem-categoria","9":"first","10":"instock","11":"featured","12":"shipping-taxable","13":"purchasable","14":"product-type-simple"},"_links":{"self":[{"href":"https:\/\/fullatacados.com.br\/index.php\/wp-json\/wp\/v2\/product\/15892","targetHints":{"allow":["GET"]}}],"collection":[{"href":"https:\/\/fullatacados.com.br\/index.php\/wp-json\/wp\/v2\/product"}],"about":[{"href":"https:\/\/fullatacados.com.br\/index.php\/wp-json\/wp\/v2\/types\/product"}],"replies":[{"embeddable":true,"href":"https:\/\/fullatacados.com.br\/index.php\/wp-json\/wp\/v2\/comments?post=15892"}],"wp:featuredmedia":[{"embeddable":true,"href":"https:\/\/fullatacados.com.br\/index.php\/wp-json\/wp\/v2\/media\/15894"}],"wp:attachment":[{"href":"https:\/\/fullatacados.com.br\/index.php\/wp-json\/wp\/v2\/media?parent=15892"}],"wp:term":[{"taxonomy":"product_brand","embeddable":true,"href":"https:\/\/fullatacados.com.br\/index.php\/wp-json\/wp\/v2\/product_brand?post=15892"},{"taxonomy":"product_cat","embeddable":true,"href":"https:\/\/fullatacados.com.br\/index.php\/wp-json\/wp\/v2\/product_cat?post=15892"},{"taxonomy":"product_tag","embeddable":true,"href":"https:\/\/fullatacados.com.br\/index.php\/wp-json\/wp\/v2\/product_tag?post=15892"}],"curies":[{"name":"wp","href":"https:\/\/api.w.org\/{rel}","templated":true}]}}