{"id":15880,"date":"2025-12-05T11:10:07","date_gmt":"2025-12-05T14:10:07","guid":{"rendered":"https:\/\/fullatacados.com.br\/index.php\/produto\/disco-embreagem-cbx250-xr250-scud\/"},"modified":"2026-04-11T10:25:06","modified_gmt":"2026-04-11T13:25:06","slug":"disco-embreagem-cbx250-xr250-scud","status":"publish","type":"product","link":"https:\/\/fullatacados.com.br\/index.php\/produto\/disco-embreagem-cbx250-xr250-scud\/","title":{"rendered":"DISCO EMBREAGEM CBX250\/XR250 SCUD"},"content":{"rendered":"","protected":false},"excerpt":{"rendered":"<div class=\"flex flex-col text-sm pb-25\">\n<article class=\"text-token-text-primary w-full focus:outline-none [--shadow-height:45px] has-data-writing-block:pointer-events-none has-data-writing-block:-mt-(--shadow-height) has-data-writing-block:pt-(--shadow-height) [&amp;:has([data-writing-block])&gt;*]:pointer-events-auto scroll-mt-[calc(var(--header-height)+min(200px,max(70px,20svh)))]\" dir=\"auto\" tabindex=\"-1\" data-turn-id=\"request-WEB:d95c30fe-38ab-4090-b48d-42c878b1b134-6\" data-testid=\"conversation-turn-14\" data-scroll-anchor=\"true\" data-turn=\"assistant\">\n<div class=\"text-base my-auto mx-auto pb-10 [--thread-content-margin:--spacing(4)] @w-sm\/main:[--thread-content-margin:--spacing(6)] @w-lg\/main:[--thread-content-margin:--spacing(16)] px-(--thread-content-margin)\">\n<div class=\"[--thread-content-max-width:40rem] @w-lg\/main:[--thread-content-max-width:48rem] mx-auto max-w-(--thread-content-max-width) flex-1 group\/turn-messages focus-visible:outline-hidden relative flex w-full min-w-0 flex-col agent-turn\" tabindex=\"-1\">\n<div class=\"flex max-w-full flex-col grow\">\n<div class=\"min-h-8 text-message relative flex w-full flex-col items-end gap-2 text-start break-words whitespace-normal [.text-message+&amp;]:mt-1\" dir=\"auto\" data-message-author-role=\"assistant\" data-message-id=\"dfb8f951-0b44-4da9-8d01-265cbcb515fd\" data-message-model-slug=\"gpt-5-2\">\n<div class=\"flex w-full flex-col gap-1 empty:hidden first:pt-[1px]\">\n<div class=\"markdown prose dark:prose-invert w-full wrap-break-word dark markdown-new-styling\">\n<p data-start=\"0\" data-end=\"308\">Disco de embreagem <strong data-start=\"19\" data-end=\"27\">SCUD<\/strong> para <strong data-start=\"33\" data-end=\"53\">CBX 250 \/ XR 250<\/strong>, desenvolvido para oferecer engates precisos e funcionamento suave, garantindo melhor controle e desempenho da moto. Produzido com materiais de alta resist\u00eancia, suporta altas temperaturas e uso intenso, mantendo a efici\u00eancia da embreagem por mais tempo.<\/p>\n<p data-start=\"310\" data-end=\"488\" data-is-last-node=\"\" data-is-only-node=\"\">Ideal para reposi\u00e7\u00e3o ou manuten\u00e7\u00e3o preventiva, proporciona excelente durabilidade, encaixe perfeito e \u00f3timo custo-benef\u00edcio, preservando o desempenho original da sua motocicleta.<\/p>\n<\/div>\n<\/div>\n<\/div>\n<\/div>\n<div class=\"z-0 flex min-h-[46px] justify-start\"><\/div>\n<div class=\"mt-3 w-full empty:hidden\">\n<div class=\"text-center\"><\/div>\n<\/div>\n<\/div>\n<\/div>\n<\/article>\n<\/div>\n<div class=\"pointer-events-none h-px w-px absolute bottom-0\" aria-hidden=\"true\" data-edge=\"true\"><\/div>\n","protected":false},"featured_media":15902,"comment_status":"open","ping_status":"closed","template":"","meta":{"_joinchat":[]},"product_brand":[185],"product_cat":[15],"product_tag":[],"class_list":{"0":"post-15880","1":"product","2":"type-product","3":"status-publish","4":"has-post-thumbnail","6":"product_brand-scud","7":"product_cat-sem-categoria","9":"first","10":"instock","11":"shipping-taxable","12":"purchasable","13":"product-type-simple"},"_links":{"self":[{"href":"https:\/\/fullatacados.com.br\/index.php\/wp-json\/wp\/v2\/product\/15880","targetHints":{"allow":["GET"]}}],"collection":[{"href":"https:\/\/fullatacados.com.br\/index.php\/wp-json\/wp\/v2\/product"}],"about":[{"href":"https:\/\/fullatacados.com.br\/index.php\/wp-json\/wp\/v2\/types\/product"}],"replies":[{"embeddable":true,"href":"https:\/\/fullatacados.com.br\/index.php\/wp-json\/wp\/v2\/comments?post=15880"}],"wp:featuredmedia":[{"embeddable":true,"href":"https:\/\/fullatacados.com.br\/index.php\/wp-json\/wp\/v2\/media\/15902"}],"wp:attachment":[{"href":"https:\/\/fullatacados.com.br\/index.php\/wp-json\/wp\/v2\/media?parent=15880"}],"wp:term":[{"taxonomy":"product_brand","embeddable":true,"href":"https:\/\/fullatacados.com.br\/index.php\/wp-json\/wp\/v2\/product_brand?post=15880"},{"taxonomy":"product_cat","embeddable":true,"href":"https:\/\/fullatacados.com.br\/index.php\/wp-json\/wp\/v2\/product_cat?post=15880"},{"taxonomy":"product_tag","embeddable":true,"href":"https:\/\/fullatacados.com.br\/index.php\/wp-json\/wp\/v2\/product_tag?post=15880"}],"curies":[{"name":"wp","href":"https:\/\/api.w.org\/{rel}","templated":true}]}}