{"id":15856,"date":"2025-09-27T12:55:08","date_gmt":"2025-09-27T15:55:08","guid":{"rendered":"https:\/\/fullatacados.com.br\/index.php\/produto\/filtro-ar-n-max160-16-18-2\/"},"modified":"2026-04-15T08:40:07","modified_gmt":"2026-04-15T11:40:07","slug":"filtro-ar-n-max160-16-18-2","status":"publish","type":"product","link":"https:\/\/fullatacados.com.br\/index.php\/produto\/filtro-ar-n-max160-16-18-2\/","title":{"rendered":"FILTRO AR NMAX160 16\/20"},"content":{"rendered":"<p data-start=\"0\" data-end=\"245\">Filtro de ar para <strong data-start=\"18\" data-end=\"33\">Yamaha NMAX<\/strong>, projetado para garantir filtragem eficiente e melhor desempenho do motor. Ajuda a manter o ar limpo na admiss\u00e3o, protegendo o motor contra impurezas e contribuindo para uma queima mais eficiente do combust\u00edvel.<\/p>\n<p data-start=\"247\" data-end=\"475\" data-is-last-node=\"\" data-is-only-node=\"\">Fabricado com materiais de alta qualidade, oferece \u00f3tima durabilidade e encaixe perfeito, sendo ideal para reposi\u00e7\u00e3o. Essencial para manter a performance, economia e vida \u00fatil do motor da sua NMAX, com excelente custo-benef\u00edcio.<\/p>\n","protected":false},"excerpt":{"rendered":"<p>Filtro de ar para Yamaha NMAX, projetado para garantir filtragem eficiente e melhor desempenho do motor. Ajuda a manter o ar limpo na admiss\u00e3o, protegendo o motor contra impurezas e contribuindo para uma queima mais eficiente do combust\u00edvel. Fabricado com materiais de alta qualidade, oferece \u00f3tima durabilidade e encaixe perfeito, sendo ideal para reposi\u00e7\u00e3o. Essencial [&hellip;]<\/p>\n","protected":false},"featured_media":15901,"comment_status":"open","ping_status":"closed","template":"","meta":{"_joinchat":[]},"product_brand":[203],"product_cat":[482,15],"product_tag":[],"class_list":{"0":"post-15856","1":"product","2":"type-product","3":"status-publish","4":"has-post-thumbnail","6":"product_brand-vedamotors","7":"product_cat-moto-pecas","8":"product_cat-sem-categoria","9":"product_shipping_class-envionormal","11":"first","12":"instock","13":"shipping-taxable","14":"purchasable","15":"product-type-simple"},"_links":{"self":[{"href":"https:\/\/fullatacados.com.br\/index.php\/wp-json\/wp\/v2\/product\/15856","targetHints":{"allow":["GET"]}}],"collection":[{"href":"https:\/\/fullatacados.com.br\/index.php\/wp-json\/wp\/v2\/product"}],"about":[{"href":"https:\/\/fullatacados.com.br\/index.php\/wp-json\/wp\/v2\/types\/product"}],"replies":[{"embeddable":true,"href":"https:\/\/fullatacados.com.br\/index.php\/wp-json\/wp\/v2\/comments?post=15856"}],"wp:featuredmedia":[{"embeddable":true,"href":"https:\/\/fullatacados.com.br\/index.php\/wp-json\/wp\/v2\/media\/15901"}],"wp:attachment":[{"href":"https:\/\/fullatacados.com.br\/index.php\/wp-json\/wp\/v2\/media?parent=15856"}],"wp:term":[{"taxonomy":"product_brand","embeddable":true,"href":"https:\/\/fullatacados.com.br\/index.php\/wp-json\/wp\/v2\/product_brand?post=15856"},{"taxonomy":"product_cat","embeddable":true,"href":"https:\/\/fullatacados.com.br\/index.php\/wp-json\/wp\/v2\/product_cat?post=15856"},{"taxonomy":"product_tag","embeddable":true,"href":"https:\/\/fullatacados.com.br\/index.php\/wp-json\/wp\/v2\/product_tag?post=15856"}],"curies":[{"name":"wp","href":"https:\/\/api.w.org\/{rel}","templated":true}]}}