{"id":15716,"date":"2025-09-21T14:25:10","date_gmt":"2025-09-21T17:25:10","guid":{"rendered":"https:\/\/fullatacados.com.br\/index.php\/produto\/capacete-x11-turner-articul-preto-fo-58\/"},"modified":"2026-03-30T08:45:07","modified_gmt":"2026-03-30T11:45:07","slug":"capacete-x11-turner-articul-preto-fo-58","status":"publish","type":"product","link":"https:\/\/fullatacados.com.br\/index.php\/produto\/capacete-x11-turner-articul-preto-fo-58\/","title":{"rendered":"CAPACETE X11 TURNER ARTICUL PRETO FO 58"},"content":{"rendered":"","protected":false},"excerpt":{"rendered":"<div class=\"ui-pdp-container__col col-3 ui-pdp-container--column-center pb-40\">\n<div class=\"ui-pdp--sticky-wrapper ui-pdp--sticky-wrapper-center\">\n<div class=\"ui-pdp-container__row\">\n<div class=\"ui-pdp-container__col col-1 pl-24 pr-24\">\n<div class=\"ui-pdp-collapsable mt-24 ui-pdp-description-collapse\">\n<div class=\"ui-pdp-collapsable__container\">\n<div id=\"description\" class=\"ui-pdp-description\">\n<p class=\"ui-pdp-description__content\" data-testid=\"content\">Capacete Para Moto X11 Turner Preto fosco Tamanho 58<br \/>\nX11 projetado para lhe oferecer uma experi\u00eancia inesquec\u00edvel em cada uma das suas viagens. Seus capacetes possuem uma estrutura compacta e que se adapta \u00e0 perfei\u00e7\u00e3o, preservando ao m\u00e1ximo sua seguran\u00e7a e garantindo travessias confort\u00e1veis e divertidas.<\/p>\n<p>Maior conforto e seguran\u00e7a no seu andar<br \/>\nEste capacete retr\u00e1til lhe oferece a mesma seguran\u00e7a que um capacete do tipo integral, mas gra\u00e7as \u00e0 sua versatilidade voc\u00ea poder\u00e1 levantar o seu protetor de queixo m\u00f3vel sempre que quiser, para sentir o ar em seu rosto sem ter que tir\u00e1-lo.<\/p>\n<p>Uma viseira que protege voc\u00ea a cada passo<br \/>\nEquipado com viseira dupla, este capacete lhe proporciona uma grande experi\u00eancia de uso, al\u00e9m de cuidar da sua vis\u00e3o de elementos do ambiente, protege voc\u00ea dos raios solares.<\/p>\n<p>Rigidez e seguran\u00e7a<br \/>\n\u00c9 feito com materiais de primeira qualidade que absorvem a energia e lhe conferem maior rigidez. No caso de um impacto, ele lhe dar\u00e1 a prote\u00e7\u00e3o que voc\u00ea precisa, amortecendo o golpe em um \u00fanico ponto.<\/p>\n<p>Baixos impactos<br \/>\nSeu material interior de aveludado \u00e9 acolchoado e el\u00e1stico, permitindo maior amortecimento e absor\u00e7\u00e3o do impacto quando o capacete p\u00e1ra.<\/p>\n<p>Ventila\u00e7\u00e3o constante<br \/>\nSua ventila\u00e7\u00e3o superior lhe d\u00e1 frescura em todos os momentos, permitindo que voc\u00ea respire com tranquilidade, controle sua transpira\u00e7\u00e3o e evite que a viseira fique emba\u00e7ada.<\/p>\n<\/div>\n<\/div>\n<\/div>\n<\/div>\n<\/div>\n<div class=\"ui-pdp-container__row\">\n<div class=\"ui-pdp-container__col col-1\"><\/div>\n<\/div>\n<div class=\"ui-pdp-container__row ui-pdp-recommendations-row\">\n<div class=\"ui-pdp-container__col col-1\">\n<div class=\"ui-pdp-spot-middle\"><\/div>\n<\/div>\n<\/div>\n<\/div>\n<\/div>\n<div class=\"ui-pdp-container__col col-1 ui-pdp-container--column-right mt-24 mr-8 pr-16\">\n<div class=\"ui-pdp--sticky-wrapper ui-pdp--sticky-wrapper-right\">\n<div class=\"ui-pdp-container__row\">\n<form id=\"buybox-form\" class=\"ui-pdp-buybox-offers-wrapper\" method=\"get\">\n<div class=\"ui-pdp-buy-box-offers__desktop\">\n<ul id=\":R56ickp7de:\" class=\"andes-list ui-pdp-buy-box-offers__offer-list andes-list--default andes-list--selectable andes-list-with-dividers\">\n<li class=\"andes-list__item ui-pdp-buy-box-offers__offer-list-item ui-pdp-buy-box-offers__offer-list-item--NOT-SELECTED andes-list__item--size-medium\">\n<div class=\"ui-pdp-buy-box-offers__content-wrapper\" role=\"presentation\">\n<div class=\"andes-radio\"><\/div>\n<\/div>\n<\/li>\n<\/ul>\n<\/div>\n<\/form>\n<\/div>\n<\/div>\n<\/div>\n","protected":false},"featured_media":15844,"comment_status":"open","ping_status":"closed","template":"","meta":{"_joinchat":[]},"product_brand":[249],"product_cat":[482,15],"product_tag":[],"class_list":{"0":"post-15716","1":"product","2":"type-product","3":"status-publish","4":"has-post-thumbnail","6":"product_brand-x11","7":"product_cat-moto-pecas","8":"product_cat-sem-categoria","9":"product_shipping_class-envionormal","11":"first","12":"instock","13":"shipping-taxable","14":"purchasable","15":"product-type-simple"},"_links":{"self":[{"href":"https:\/\/fullatacados.com.br\/index.php\/wp-json\/wp\/v2\/product\/15716","targetHints":{"allow":["GET"]}}],"collection":[{"href":"https:\/\/fullatacados.com.br\/index.php\/wp-json\/wp\/v2\/product"}],"about":[{"href":"https:\/\/fullatacados.com.br\/index.php\/wp-json\/wp\/v2\/types\/product"}],"replies":[{"embeddable":true,"href":"https:\/\/fullatacados.com.br\/index.php\/wp-json\/wp\/v2\/comments?post=15716"}],"wp:featuredmedia":[{"embeddable":true,"href":"https:\/\/fullatacados.com.br\/index.php\/wp-json\/wp\/v2\/media\/15844"}],"wp:attachment":[{"href":"https:\/\/fullatacados.com.br\/index.php\/wp-json\/wp\/v2\/media?parent=15716"}],"wp:term":[{"taxonomy":"product_brand","embeddable":true,"href":"https:\/\/fullatacados.com.br\/index.php\/wp-json\/wp\/v2\/product_brand?post=15716"},{"taxonomy":"product_cat","embeddable":true,"href":"https:\/\/fullatacados.com.br\/index.php\/wp-json\/wp\/v2\/product_cat?post=15716"},{"taxonomy":"product_tag","embeddable":true,"href":"https:\/\/fullatacados.com.br\/index.php\/wp-json\/wp\/v2\/product_tag?post=15716"}],"curies":[{"name":"wp","href":"https:\/\/api.w.org\/{rel}","templated":true}]}}