{"id":15516,"date":"2025-08-15T17:40:08","date_gmt":"2025-08-15T20:40:08","guid":{"rendered":"https:\/\/fullatacados.com.br\/index.php\/produto\/disco-embreagem-yes-intruder\/"},"modified":"2026-04-28T09:55:06","modified_gmt":"2026-04-28T12:55:06","slug":"disco-embreagem-yes-intruder","status":"publish","type":"product","link":"https:\/\/fullatacados.com.br\/index.php\/produto\/disco-embreagem-yes-intruder\/","title":{"rendered":"DISCO EMBREAGEM YES\/INTRUDER"},"content":{"rendered":"<p>Conjunto de discos de embreagem compat\u00edvel com as motos Suzuki YES 125 e Suzuki Intruder 125. Respons\u00e1vel pela transmiss\u00e3o da for\u00e7a do motor para o c\u00e2mbio, garantindo engates suaves, melhor desempenho e durabilidade.<\/p>\n","protected":false},"excerpt":{"rendered":"<p>Conjunto de discos de embreagem compat\u00edvel com as motos Suzuki YES 125 e Suzuki Intruder 125. Respons\u00e1vel pela transmiss\u00e3o da for\u00e7a do motor para o c\u00e2mbio, garantindo engates suaves, melhor desempenho e durabilidade.<\/p>\n","protected":false},"featured_media":15543,"comment_status":"open","ping_status":"closed","template":"","meta":{"_joinchat":[]},"product_brand":[199],"product_cat":[482,15],"product_tag":[],"class_list":{"0":"post-15516","1":"product","2":"type-product","3":"status-publish","4":"has-post-thumbnail","6":"product_brand-importado","7":"product_cat-moto-pecas","8":"product_cat-sem-categoria","9":"product_shipping_class-envionormal","11":"first","12":"instock","13":"shipping-taxable","14":"purchasable","15":"product-type-simple"},"_links":{"self":[{"href":"https:\/\/fullatacados.com.br\/index.php\/wp-json\/wp\/v2\/product\/15516","targetHints":{"allow":["GET"]}}],"collection":[{"href":"https:\/\/fullatacados.com.br\/index.php\/wp-json\/wp\/v2\/product"}],"about":[{"href":"https:\/\/fullatacados.com.br\/index.php\/wp-json\/wp\/v2\/types\/product"}],"replies":[{"embeddable":true,"href":"https:\/\/fullatacados.com.br\/index.php\/wp-json\/wp\/v2\/comments?post=15516"}],"wp:featuredmedia":[{"embeddable":true,"href":"https:\/\/fullatacados.com.br\/index.php\/wp-json\/wp\/v2\/media\/15543"}],"wp:attachment":[{"href":"https:\/\/fullatacados.com.br\/index.php\/wp-json\/wp\/v2\/media?parent=15516"}],"wp:term":[{"taxonomy":"product_brand","embeddable":true,"href":"https:\/\/fullatacados.com.br\/index.php\/wp-json\/wp\/v2\/product_brand?post=15516"},{"taxonomy":"product_cat","embeddable":true,"href":"https:\/\/fullatacados.com.br\/index.php\/wp-json\/wp\/v2\/product_cat?post=15516"},{"taxonomy":"product_tag","embeddable":true,"href":"https:\/\/fullatacados.com.br\/index.php\/wp-json\/wp\/v2\/product_tag?post=15516"}],"curies":[{"name":"wp","href":"https:\/\/api.w.org\/{rel}","templated":true}]}}