{"id":15456,"date":"2025-08-14T11:40:08","date_gmt":"2025-08-14T14:40:08","guid":{"rendered":"https:\/\/fullatacados.com.br\/index.php\/produto\/relacao-ybr125-factor-c-ret-smart\/"},"modified":"2026-04-30T13:50:07","modified_gmt":"2026-04-30T16:50:07","slug":"relacao-ybr125-factor-c-ret-smart","status":"publish","type":"product","link":"https:\/\/fullatacados.com.br\/index.php\/produto\/relacao-ybr125-factor-c-ret-smart\/","title":{"rendered":"RELACAO YBR125\/FACTOR C\/RET SMART"},"content":{"rendered":"<p>Rela\u00e7\u00e3o completa com retentor para Yamaha YBR 125 e Factor, marca Smart.<br \/>\nInclui corrente, coroa e pinh\u00e3o, oferecendo maior veda\u00e7\u00e3o, durabilidade e desempenho na transmiss\u00e3o.<\/p>\n","protected":false},"excerpt":{"rendered":"<p>Rela\u00e7\u00e3o completa com retentor para Yamaha YBR 125 e Factor, marca Smart. Inclui corrente, coroa e pinh\u00e3o, oferecendo maior veda\u00e7\u00e3o, durabilidade e desempenho na transmiss\u00e3o.<\/p>\n","protected":false},"featured_media":15471,"comment_status":"open","ping_status":"closed","template":"","meta":{"_joinchat":[]},"product_brand":[181],"product_cat":[482,15],"product_tag":[],"class_list":{"0":"post-15456","1":"product","2":"type-product","3":"status-publish","4":"has-post-thumbnail","6":"product_brand-smartfox","7":"product_cat-moto-pecas","8":"product_cat-sem-categoria","9":"product_shipping_class-envionormal","11":"first","12":"instock","13":"shipping-taxable","14":"purchasable","15":"product-type-simple"},"_links":{"self":[{"href":"https:\/\/fullatacados.com.br\/index.php\/wp-json\/wp\/v2\/product\/15456","targetHints":{"allow":["GET"]}}],"collection":[{"href":"https:\/\/fullatacados.com.br\/index.php\/wp-json\/wp\/v2\/product"}],"about":[{"href":"https:\/\/fullatacados.com.br\/index.php\/wp-json\/wp\/v2\/types\/product"}],"replies":[{"embeddable":true,"href":"https:\/\/fullatacados.com.br\/index.php\/wp-json\/wp\/v2\/comments?post=15456"}],"wp:featuredmedia":[{"embeddable":true,"href":"https:\/\/fullatacados.com.br\/index.php\/wp-json\/wp\/v2\/media\/15471"}],"wp:attachment":[{"href":"https:\/\/fullatacados.com.br\/index.php\/wp-json\/wp\/v2\/media?parent=15456"}],"wp:term":[{"taxonomy":"product_brand","embeddable":true,"href":"https:\/\/fullatacados.com.br\/index.php\/wp-json\/wp\/v2\/product_brand?post=15456"},{"taxonomy":"product_cat","embeddable":true,"href":"https:\/\/fullatacados.com.br\/index.php\/wp-json\/wp\/v2\/product_cat?post=15456"},{"taxonomy":"product_tag","embeddable":true,"href":"https:\/\/fullatacados.com.br\/index.php\/wp-json\/wp\/v2\/product_tag?post=15456"}],"curies":[{"name":"wp","href":"https:\/\/api.w.org\/{rel}","templated":true}]}}