{"id":15443,"date":"2025-08-14T11:35:12","date_gmt":"2025-08-14T14:35:12","guid":{"rendered":"https:\/\/fullatacados.com.br\/index.php\/produto\/relacao-mt03-r3-c-ret-aco-1045\/"},"modified":"2026-04-22T11:00:08","modified_gmt":"2026-04-22T14:00:08","slug":"relacao-mt03-r3-c-ret-aco-1045","status":"publish","type":"product","link":"https:\/\/fullatacados.com.br\/index.php\/produto\/relacao-mt03-r3-c-ret-aco-1045\/","title":{"rendered":"RELACAO MT03\/R3 C\/RET ACO 1045"},"content":{"rendered":"<p>Rela\u00e7\u00e3o completa com retentor para Yamaha MT-03 \/ R3, confeccionada em a\u00e7o 1045.<br \/>\nInclui corrente, coroa e pinh\u00e3o, oferecendo maior resist\u00eancia, durabilidade e desempenho na transmiss\u00e3o.<\/p>\n","protected":false},"excerpt":{"rendered":"<p>Rela\u00e7\u00e3o completa com retentor para Yamaha MT-03 \/ R3, confeccionada em a\u00e7o 1045. Inclui corrente, coroa e pinh\u00e3o, oferecendo maior resist\u00eancia, durabilidade e desempenho na transmiss\u00e3o.<\/p>\n","protected":false},"featured_media":15472,"comment_status":"open","ping_status":"closed","template":"","meta":{"_joinchat":[]},"product_brand":[479],"product_cat":[482,15],"product_tag":[],"class_list":{"0":"post-15443","1":"product","2":"type-product","3":"status-publish","4":"has-post-thumbnail","6":"product_brand-iron","7":"product_cat-moto-pecas","8":"product_cat-sem-categoria","9":"product_shipping_class-envionormal","11":"first","12":"outofstock","13":"shipping-taxable","14":"purchasable","15":"product-type-simple"},"_links":{"self":[{"href":"https:\/\/fullatacados.com.br\/index.php\/wp-json\/wp\/v2\/product\/15443","targetHints":{"allow":["GET"]}}],"collection":[{"href":"https:\/\/fullatacados.com.br\/index.php\/wp-json\/wp\/v2\/product"}],"about":[{"href":"https:\/\/fullatacados.com.br\/index.php\/wp-json\/wp\/v2\/types\/product"}],"replies":[{"embeddable":true,"href":"https:\/\/fullatacados.com.br\/index.php\/wp-json\/wp\/v2\/comments?post=15443"}],"wp:featuredmedia":[{"embeddable":true,"href":"https:\/\/fullatacados.com.br\/index.php\/wp-json\/wp\/v2\/media\/15472"}],"wp:attachment":[{"href":"https:\/\/fullatacados.com.br\/index.php\/wp-json\/wp\/v2\/media?parent=15443"}],"wp:term":[{"taxonomy":"product_brand","embeddable":true,"href":"https:\/\/fullatacados.com.br\/index.php\/wp-json\/wp\/v2\/product_brand?post=15443"},{"taxonomy":"product_cat","embeddable":true,"href":"https:\/\/fullatacados.com.br\/index.php\/wp-json\/wp\/v2\/product_cat?post=15443"},{"taxonomy":"product_tag","embeddable":true,"href":"https:\/\/fullatacados.com.br\/index.php\/wp-json\/wp\/v2\/product_tag?post=15443"}],"curies":[{"name":"wp","href":"https:\/\/api.w.org\/{rel}","templated":true}]}}