{"id":15433,"date":"2025-08-14T11:35:11","date_gmt":"2025-08-14T14:35:11","guid":{"rendered":"https:\/\/fullatacados.com.br\/index.php\/produto\/relacao-fan125-14-s-ret-smart\/"},"modified":"2026-04-18T11:10:07","modified_gmt":"2026-04-18T14:10:07","slug":"relacao-fan125-14-s-ret-smart","status":"publish","type":"product","link":"https:\/\/fullatacados.com.br\/index.php\/produto\/relacao-fan125-14-s-ret-smart\/","title":{"rendered":"RELACAO FAN125 14 S\/RET SMART"},"content":{"rendered":"<p>rela\u00e7\u00e3o completa sem retentor para Honda Fan 125 (2014), marca Smart.<br \/>\nInclui corrente, coroa e pinh\u00e3o, garantindo transmiss\u00e3o eficiente e boa durabilidade.<\/p>\n","protected":false},"excerpt":{"rendered":"<p>rela\u00e7\u00e3o completa sem retentor para Honda Fan 125 (2014), marca Smart. Inclui corrente, coroa e pinh\u00e3o, garantindo transmiss\u00e3o eficiente e boa durabilidade.<\/p>\n","protected":false},"featured_media":15471,"comment_status":"open","ping_status":"closed","template":"","meta":{"_joinchat":[]},"product_brand":[181],"product_cat":[482,15],"product_tag":[],"class_list":{"0":"post-15433","1":"product","2":"type-product","3":"status-publish","4":"has-post-thumbnail","6":"product_brand-smartfox","7":"product_cat-moto-pecas","8":"product_cat-sem-categoria","9":"product_shipping_class-envionormal","11":"first","12":"instock","13":"shipping-taxable","14":"purchasable","15":"product-type-simple"},"_links":{"self":[{"href":"https:\/\/fullatacados.com.br\/index.php\/wp-json\/wp\/v2\/product\/15433","targetHints":{"allow":["GET"]}}],"collection":[{"href":"https:\/\/fullatacados.com.br\/index.php\/wp-json\/wp\/v2\/product"}],"about":[{"href":"https:\/\/fullatacados.com.br\/index.php\/wp-json\/wp\/v2\/types\/product"}],"replies":[{"embeddable":true,"href":"https:\/\/fullatacados.com.br\/index.php\/wp-json\/wp\/v2\/comments?post=15433"}],"wp:featuredmedia":[{"embeddable":true,"href":"https:\/\/fullatacados.com.br\/index.php\/wp-json\/wp\/v2\/media\/15471"}],"wp:attachment":[{"href":"https:\/\/fullatacados.com.br\/index.php\/wp-json\/wp\/v2\/media?parent=15433"}],"wp:term":[{"taxonomy":"product_brand","embeddable":true,"href":"https:\/\/fullatacados.com.br\/index.php\/wp-json\/wp\/v2\/product_brand?post=15433"},{"taxonomy":"product_cat","embeddable":true,"href":"https:\/\/fullatacados.com.br\/index.php\/wp-json\/wp\/v2\/product_cat?post=15433"},{"taxonomy":"product_tag","embeddable":true,"href":"https:\/\/fullatacados.com.br\/index.php\/wp-json\/wp\/v2\/product_tag?post=15433"}],"curies":[{"name":"wp","href":"https:\/\/api.w.org\/{rel}","templated":true}]}}