{"id":15432,"date":"2025-08-14T11:35:11","date_gmt":"2025-08-14T14:35:11","guid":{"rendered":"https:\/\/fullatacados.com.br\/index.php\/produto\/relacao-crypton-10-13-s-ret-scud\/"},"modified":"2026-04-29T11:05:07","modified_gmt":"2026-04-29T14:05:07","slug":"relacao-crypton-10-13-s-ret-scud","status":"publish","type":"product","link":"https:\/\/fullatacados.com.br\/index.php\/produto\/relacao-crypton-10-13-s-ret-scud\/","title":{"rendered":"RELACAO CRYPTON 10\/13 S\/RET SCUD"},"content":{"rendered":"<p>Rela\u00e7\u00e3o completa sem retentor para Yamaha Crypton (2010 a 2013), refer\u00eancia CP002405, marca Scud.<br \/>\nInclui corrente, coroa e pinh\u00e3o, oferecendo transmiss\u00e3o eficiente e boa durabilidade.<\/p>\n","protected":false},"excerpt":{"rendered":"<p>Rela\u00e7\u00e3o completa sem retentor para Yamaha Crypton (2010 a 2013), refer\u00eancia CP002405, marca Scud. Inclui corrente, coroa e pinh\u00e3o, oferecendo transmiss\u00e3o eficiente e boa durabilidade.<\/p>\n","protected":false},"featured_media":15476,"comment_status":"open","ping_status":"closed","template":"","meta":{"_joinchat":[]},"product_brand":[185],"product_cat":[482,15],"product_tag":[],"class_list":{"0":"post-15432","1":"product","2":"type-product","3":"status-publish","4":"has-post-thumbnail","6":"product_brand-scud","7":"product_cat-moto-pecas","8":"product_cat-sem-categoria","9":"product_shipping_class-envionormal","11":"first","12":"instock","13":"shipping-taxable","14":"purchasable","15":"product-type-simple"},"_links":{"self":[{"href":"https:\/\/fullatacados.com.br\/index.php\/wp-json\/wp\/v2\/product\/15432","targetHints":{"allow":["GET"]}}],"collection":[{"href":"https:\/\/fullatacados.com.br\/index.php\/wp-json\/wp\/v2\/product"}],"about":[{"href":"https:\/\/fullatacados.com.br\/index.php\/wp-json\/wp\/v2\/types\/product"}],"replies":[{"embeddable":true,"href":"https:\/\/fullatacados.com.br\/index.php\/wp-json\/wp\/v2\/comments?post=15432"}],"wp:featuredmedia":[{"embeddable":true,"href":"https:\/\/fullatacados.com.br\/index.php\/wp-json\/wp\/v2\/media\/15476"}],"wp:attachment":[{"href":"https:\/\/fullatacados.com.br\/index.php\/wp-json\/wp\/v2\/media?parent=15432"}],"wp:term":[{"taxonomy":"product_brand","embeddable":true,"href":"https:\/\/fullatacados.com.br\/index.php\/wp-json\/wp\/v2\/product_brand?post=15432"},{"taxonomy":"product_cat","embeddable":true,"href":"https:\/\/fullatacados.com.br\/index.php\/wp-json\/wp\/v2\/product_cat?post=15432"},{"taxonomy":"product_tag","embeddable":true,"href":"https:\/\/fullatacados.com.br\/index.php\/wp-json\/wp\/v2\/product_tag?post=15432"}],"curies":[{"name":"wp","href":"https:\/\/api.w.org\/{rel}","templated":true}]}}