{"id":15421,"date":"2025-08-14T11:35:10","date_gmt":"2025-08-14T14:35:10","guid":{"rendered":"https:\/\/fullatacados.com.br\/index.php\/produto\/relacao-biz100-98-02\/"},"modified":"2026-04-29T18:25:09","modified_gmt":"2026-04-29T21:25:09","slug":"relacao-biz100-98-02","status":"publish","type":"product","link":"https:\/\/fullatacados.com.br\/index.php\/produto\/relacao-biz100-98-02\/","title":{"rendered":"RELACAO BIZ100 98\/02"},"content":{"rendered":"<p>A descri\u00e7\u00e3o que voc\u00ea forneceu, \u201cRELA\u00c7\u00c3O BIZ100 98\/02\u201d, se refere ao conjunto de transmiss\u00e3o (corrente, coroa e pinh\u00e3o) da Honda Biz 100 dos anos 1998 a 2002.<\/p>\n","protected":false},"excerpt":{"rendered":"<p>A descri\u00e7\u00e3o que voc\u00ea forneceu, \u201cRELA\u00c7\u00c3O BIZ100 98\/02\u201d, se refere ao conjunto de transmiss\u00e3o (corrente, coroa e pinh\u00e3o) da Honda Biz 100 dos anos 1998 a 2002.<\/p>\n","protected":false},"featured_media":15472,"comment_status":"open","ping_status":"closed","template":"","meta":{"_joinchat":[]},"product_brand":[181],"product_cat":[482,15],"product_tag":[],"class_list":{"0":"post-15421","1":"product","2":"type-product","3":"status-publish","4":"has-post-thumbnail","6":"product_brand-smartfox","7":"product_cat-moto-pecas","8":"product_cat-sem-categoria","9":"product_shipping_class-envionormal","11":"first","12":"instock","13":"shipping-taxable","14":"purchasable","15":"product-type-simple"},"_links":{"self":[{"href":"https:\/\/fullatacados.com.br\/index.php\/wp-json\/wp\/v2\/product\/15421","targetHints":{"allow":["GET"]}}],"collection":[{"href":"https:\/\/fullatacados.com.br\/index.php\/wp-json\/wp\/v2\/product"}],"about":[{"href":"https:\/\/fullatacados.com.br\/index.php\/wp-json\/wp\/v2\/types\/product"}],"replies":[{"embeddable":true,"href":"https:\/\/fullatacados.com.br\/index.php\/wp-json\/wp\/v2\/comments?post=15421"}],"wp:featuredmedia":[{"embeddable":true,"href":"https:\/\/fullatacados.com.br\/index.php\/wp-json\/wp\/v2\/media\/15472"}],"wp:attachment":[{"href":"https:\/\/fullatacados.com.br\/index.php\/wp-json\/wp\/v2\/media?parent=15421"}],"wp:term":[{"taxonomy":"product_brand","embeddable":true,"href":"https:\/\/fullatacados.com.br\/index.php\/wp-json\/wp\/v2\/product_brand?post=15421"},{"taxonomy":"product_cat","embeddable":true,"href":"https:\/\/fullatacados.com.br\/index.php\/wp-json\/wp\/v2\/product_cat?post=15421"},{"taxonomy":"product_tag","embeddable":true,"href":"https:\/\/fullatacados.com.br\/index.php\/wp-json\/wp\/v2\/product_tag?post=15421"}],"curies":[{"name":"wp","href":"https:\/\/api.w.org\/{rel}","templated":true}]}}