{"id":15418,"date":"2025-08-14T11:35:10","date_gmt":"2025-08-14T14:35:10","guid":{"rendered":"https:\/\/fullatacados.com.br\/index.php\/produto\/pneu-tras-90-90-18-dakar-s-camara\/"},"modified":"2026-05-02T12:05:07","modified_gmt":"2026-05-02T15:05:07","slug":"pneu-tras-90-90-18-dakar-s-camara","status":"publish","type":"product","link":"https:\/\/fullatacados.com.br\/index.php\/produto\/pneu-tras-90-90-18-dakar-s-camara\/","title":{"rendered":"PNEU TRAS 90\/90-18 DAKAR S\/CAMARA"},"content":{"rendered":"<p>Pneu traseiro 90\/90-18 Dakar, refer\u00eancia, sem c\u00e2mara.<br \/>\nIndicado para motos off-road e trilha, oferece boa tra\u00e7\u00e3o em terrenos irregulares, resist\u00eancia e durabilidade.<\/p>\n","protected":false},"excerpt":{"rendered":"<p>Pneu traseiro 90\/90-18 Dakar, refer\u00eancia, sem c\u00e2mara. Indicado para motos off-road e trilha, oferece boa tra\u00e7\u00e3o em terrenos irregulares, resist\u00eancia e durabilidade.<\/p>\n","protected":false},"featured_media":15494,"comment_status":"open","ping_status":"closed","template":"","meta":{"_joinchat":[]},"product_brand":[230],"product_cat":[482,15],"product_tag":[],"class_list":{"0":"post-15418","1":"product","2":"type-product","3":"status-publish","4":"has-post-thumbnail","6":"product_brand-levorim","7":"product_cat-moto-pecas","8":"product_cat-sem-categoria","9":"product_shipping_class-envionormal","11":"first","12":"instock","13":"shipping-taxable","14":"purchasable","15":"product-type-simple"},"_links":{"self":[{"href":"https:\/\/fullatacados.com.br\/index.php\/wp-json\/wp\/v2\/product\/15418","targetHints":{"allow":["GET"]}}],"collection":[{"href":"https:\/\/fullatacados.com.br\/index.php\/wp-json\/wp\/v2\/product"}],"about":[{"href":"https:\/\/fullatacados.com.br\/index.php\/wp-json\/wp\/v2\/types\/product"}],"replies":[{"embeddable":true,"href":"https:\/\/fullatacados.com.br\/index.php\/wp-json\/wp\/v2\/comments?post=15418"}],"wp:featuredmedia":[{"embeddable":true,"href":"https:\/\/fullatacados.com.br\/index.php\/wp-json\/wp\/v2\/media\/15494"}],"wp:attachment":[{"href":"https:\/\/fullatacados.com.br\/index.php\/wp-json\/wp\/v2\/media?parent=15418"}],"wp:term":[{"taxonomy":"product_brand","embeddable":true,"href":"https:\/\/fullatacados.com.br\/index.php\/wp-json\/wp\/v2\/product_brand?post=15418"},{"taxonomy":"product_cat","embeddable":true,"href":"https:\/\/fullatacados.com.br\/index.php\/wp-json\/wp\/v2\/product_cat?post=15418"},{"taxonomy":"product_tag","embeddable":true,"href":"https:\/\/fullatacados.com.br\/index.php\/wp-json\/wp\/v2\/product_tag?post=15418"}],"curies":[{"name":"wp","href":"https:\/\/api.w.org\/{rel}","templated":true}]}}