{"id":15412,"date":"2025-08-14T11:35:09","date_gmt":"2025-08-14T14:35:09","guid":{"rendered":"https:\/\/fullatacados.com.br\/index.php\/produto\/pneu-tras-80-100-14-maggion-s-c\/"},"modified":"2026-05-02T12:05:06","modified_gmt":"2026-05-02T15:05:06","slug":"pneu-tras-80-100-14-maggion-s-c","status":"publish","type":"product","link":"https:\/\/fullatacados.com.br\/index.php\/produto\/pneu-tras-80-100-14-maggion-s-c\/","title":{"rendered":"PNEU TRAS 80\/100-14 MAGGION S\/C"},"content":{"rendered":"<p>NEU TRASEIRO 80\/100-14 MAGGION S\/C \u2014 Pneu sem c\u00e2mara, indicado para motos de baixa cilindrada, oferecendo boa durabilidade, ader\u00eancia e seguran\u00e7a no uso urbano e em vias pavimentadas.<\/p>\n","protected":false},"excerpt":{"rendered":"<p>NEU TRASEIRO 80\/100-14 MAGGION S\/C \u2014 Pneu sem c\u00e2mara, indicado para motos de baixa cilindrada, oferecendo boa durabilidade, ader\u00eancia e seguran\u00e7a no uso urbano e em vias pavimentadas.<\/p>\n","protected":false},"featured_media":15509,"comment_status":"open","ping_status":"closed","template":"","meta":{"_joinchat":[]},"product_brand":[232],"product_cat":[482,15],"product_tag":[],"class_list":{"0":"post-15412","1":"product","2":"type-product","3":"status-publish","4":"has-post-thumbnail","6":"product_brand-maggion","7":"product_cat-moto-pecas","8":"product_cat-sem-categoria","9":"product_shipping_class-envionormal","11":"first","12":"instock","13":"shipping-taxable","14":"purchasable","15":"product-type-simple"},"_links":{"self":[{"href":"https:\/\/fullatacados.com.br\/index.php\/wp-json\/wp\/v2\/product\/15412","targetHints":{"allow":["GET"]}}],"collection":[{"href":"https:\/\/fullatacados.com.br\/index.php\/wp-json\/wp\/v2\/product"}],"about":[{"href":"https:\/\/fullatacados.com.br\/index.php\/wp-json\/wp\/v2\/types\/product"}],"replies":[{"embeddable":true,"href":"https:\/\/fullatacados.com.br\/index.php\/wp-json\/wp\/v2\/comments?post=15412"}],"wp:featuredmedia":[{"embeddable":true,"href":"https:\/\/fullatacados.com.br\/index.php\/wp-json\/wp\/v2\/media\/15509"}],"wp:attachment":[{"href":"https:\/\/fullatacados.com.br\/index.php\/wp-json\/wp\/v2\/media?parent=15412"}],"wp:term":[{"taxonomy":"product_brand","embeddable":true,"href":"https:\/\/fullatacados.com.br\/index.php\/wp-json\/wp\/v2\/product_brand?post=15412"},{"taxonomy":"product_cat","embeddable":true,"href":"https:\/\/fullatacados.com.br\/index.php\/wp-json\/wp\/v2\/product_cat?post=15412"},{"taxonomy":"product_tag","embeddable":true,"href":"https:\/\/fullatacados.com.br\/index.php\/wp-json\/wp\/v2\/product_tag?post=15412"}],"curies":[{"name":"wp","href":"https:\/\/api.w.org\/{rel}","templated":true}]}}