{"id":15410,"date":"2025-08-14T11:35:09","date_gmt":"2025-08-14T14:35:09","guid":{"rendered":"https:\/\/fullatacados.com.br\/index.php\/produto\/pneu-tras-90-90-18-maggion-c-cama\/"},"modified":"2026-04-30T18:10:08","modified_gmt":"2026-04-30T21:10:08","slug":"pneu-tras-90-90-18-maggion-c-cama","status":"publish","type":"product","link":"https:\/\/fullatacados.com.br\/index.php\/produto\/pneu-tras-90-90-18-maggion-c-cama\/","title":{"rendered":"PNEU TRAS 90\/90-18 MAGGION C\/CAMA"},"content":{"rendered":"<p>PNEU TRASEIRO 90\/90-18 MAGGION C\/C\u00c2MARA \u2014 Modelo com c\u00e2mara de ar, indicado para motos de uso urbano e estrada, oferecendo boa ader\u00eancia e durabilidade, ideal para quem busca custo-benef\u00edcio e confiabilidade no dia a dia.<\/p>\n","protected":false},"excerpt":{"rendered":"<p>PNEU TRASEIRO 90\/90-18 MAGGION C\/C\u00c2MARA \u2014 Modelo com c\u00e2mara de ar, indicado para motos de uso urbano e estrada, oferecendo boa ader\u00eancia e durabilidade, ideal para quem busca custo-benef\u00edcio e confiabilidade no dia a dia.<\/p>\n","protected":false},"featured_media":15506,"comment_status":"open","ping_status":"closed","template":"","meta":{"_joinchat":[]},"product_brand":[232],"product_cat":[482,15],"product_tag":[],"class_list":{"0":"post-15410","1":"product","2":"type-product","3":"status-publish","4":"has-post-thumbnail","6":"product_brand-maggion","7":"product_cat-moto-pecas","8":"product_cat-sem-categoria","9":"product_shipping_class-envionormal","11":"first","12":"instock","13":"shipping-taxable","14":"purchasable","15":"product-type-simple"},"_links":{"self":[{"href":"https:\/\/fullatacados.com.br\/index.php\/wp-json\/wp\/v2\/product\/15410","targetHints":{"allow":["GET"]}}],"collection":[{"href":"https:\/\/fullatacados.com.br\/index.php\/wp-json\/wp\/v2\/product"}],"about":[{"href":"https:\/\/fullatacados.com.br\/index.php\/wp-json\/wp\/v2\/types\/product"}],"replies":[{"embeddable":true,"href":"https:\/\/fullatacados.com.br\/index.php\/wp-json\/wp\/v2\/comments?post=15410"}],"wp:featuredmedia":[{"embeddable":true,"href":"https:\/\/fullatacados.com.br\/index.php\/wp-json\/wp\/v2\/media\/15506"}],"wp:attachment":[{"href":"https:\/\/fullatacados.com.br\/index.php\/wp-json\/wp\/v2\/media?parent=15410"}],"wp:term":[{"taxonomy":"product_brand","embeddable":true,"href":"https:\/\/fullatacados.com.br\/index.php\/wp-json\/wp\/v2\/product_brand?post=15410"},{"taxonomy":"product_cat","embeddable":true,"href":"https:\/\/fullatacados.com.br\/index.php\/wp-json\/wp\/v2\/product_cat?post=15410"},{"taxonomy":"product_tag","embeddable":true,"href":"https:\/\/fullatacados.com.br\/index.php\/wp-json\/wp\/v2\/product_tag?post=15410"}],"curies":[{"name":"wp","href":"https:\/\/api.w.org\/{rel}","templated":true}]}}