{"id":15325,"date":"2025-08-14T11:10:08","date_gmt":"2025-08-14T14:10:08","guid":{"rendered":"https:\/\/fullatacados.com.br\/?post_type=product&#038;p=15325"},"modified":"2025-12-01T13:14:17","modified_gmt":"2025-12-01T16:14:17","slug":"roda-aluminio-smart-tit125-00-08-es","status":"publish","type":"product","link":"https:\/\/fullatacados.com.br\/index.php\/produto\/roda-aluminio-smart-tit125-00-08-es\/","title":{"rendered":"RODA ALUMINIO SMART TIT125 00\/08 ES"},"content":{"rendered":"<p>Roda de alum\u00ednio Smart compat\u00edvel com a Honda Titan 125 ES (anos 2000 a 2008). Produzida em alum\u00ednio de alta resist\u00eancia, garante leveza, durabilidade e visual moderno. Indicada para reposi\u00e7\u00e3o original ou upgrade est\u00e9tico.<\/p>\n","protected":false},"excerpt":{"rendered":"<p>Roda de alum\u00ednio Smart compat\u00edvel com a Honda Titan 125 ES (anos 2000 a 2008). Produzida em alum\u00ednio de alta resist\u00eancia, garante leveza, durabilidade e visual moderno. Indicada para reposi\u00e7\u00e3o original ou upgrade est\u00e9tico.<\/p>\n","protected":false},"featured_media":15528,"comment_status":"open","ping_status":"closed","template":"","meta":{"_joinchat":[]},"product_brand":[181],"product_cat":[482,15],"product_tag":[],"class_list":{"0":"post-15325","1":"product","2":"type-product","3":"status-publish","4":"has-post-thumbnail","6":"product_brand-smartfox","7":"product_cat-moto-pecas","8":"product_cat-sem-categoria","9":"product_shipping_class-envionormal","11":"first","12":"outofstock","13":"shipping-taxable","14":"purchasable","15":"product-type-simple"},"_links":{"self":[{"href":"https:\/\/fullatacados.com.br\/index.php\/wp-json\/wp\/v2\/product\/15325","targetHints":{"allow":["GET"]}}],"collection":[{"href":"https:\/\/fullatacados.com.br\/index.php\/wp-json\/wp\/v2\/product"}],"about":[{"href":"https:\/\/fullatacados.com.br\/index.php\/wp-json\/wp\/v2\/types\/product"}],"replies":[{"embeddable":true,"href":"https:\/\/fullatacados.com.br\/index.php\/wp-json\/wp\/v2\/comments?post=15325"}],"wp:featuredmedia":[{"embeddable":true,"href":"https:\/\/fullatacados.com.br\/index.php\/wp-json\/wp\/v2\/media\/15528"}],"wp:attachment":[{"href":"https:\/\/fullatacados.com.br\/index.php\/wp-json\/wp\/v2\/media?parent=15325"}],"wp:term":[{"taxonomy":"product_brand","embeddable":true,"href":"https:\/\/fullatacados.com.br\/index.php\/wp-json\/wp\/v2\/product_brand?post=15325"},{"taxonomy":"product_cat","embeddable":true,"href":"https:\/\/fullatacados.com.br\/index.php\/wp-json\/wp\/v2\/product_cat?post=15325"},{"taxonomy":"product_tag","embeddable":true,"href":"https:\/\/fullatacados.com.br\/index.php\/wp-json\/wp\/v2\/product_tag?post=15325"}],"curies":[{"name":"wp","href":"https:\/\/api.w.org\/{rel}","templated":true}]}}