{"id":15318,"date":"2025-08-14T11:05:08","date_gmt":"2025-08-14T14:05:08","guid":{"rendered":"https:\/\/fullatacados.com.br\/?post_type=product&#038;p=15318"},"modified":"2026-04-07T17:40:09","modified_gmt":"2026-04-07T20:40:09","slug":"roda-diant-alum-tit160-dis-p-gali","status":"publish","type":"product","link":"https:\/\/fullatacados.com.br\/index.php\/produto\/roda-diant-alum-tit160-dis-p-gali\/","title":{"rendered":"RODA DIANT ALUM TIT160 DISCO P GALI"},"content":{"rendered":"<p>Roda dianteira em alum\u00ednio, compat\u00edvel com a Honda Titan 160 vers\u00e3o com freio a disco. Modelo GALI, desenvolvida em alum\u00ednio de alta resist\u00eancia, oferecendo leveza, durabilidade e melhor desempenho na pilotagem. Ideal para reposi\u00e7\u00e3o da original ou upgrade est\u00e9tico.<\/p>\n","protected":false},"excerpt":{"rendered":"<p>Roda dianteira em alum\u00ednio, compat\u00edvel com a Honda Titan 160 vers\u00e3o com freio a disco. Modelo GALI, desenvolvida em alum\u00ednio de alta resist\u00eancia, oferecendo leveza, durabilidade e melhor desempenho na pilotagem. Ideal para reposi\u00e7\u00e3o da original ou upgrade est\u00e9tico.<\/p>\n","protected":false},"featured_media":15534,"comment_status":"open","ping_status":"closed","template":"","meta":{"_joinchat":[]},"product_brand":[199],"product_cat":[482,15],"product_tag":[],"class_list":{"0":"post-15318","1":"product","2":"type-product","3":"status-publish","4":"has-post-thumbnail","6":"product_brand-importado","7":"product_cat-moto-pecas","8":"product_cat-sem-categoria","9":"product_shipping_class-envionormal","11":"first","12":"instock","13":"shipping-taxable","14":"purchasable","15":"product-type-simple"},"_links":{"self":[{"href":"https:\/\/fullatacados.com.br\/index.php\/wp-json\/wp\/v2\/product\/15318","targetHints":{"allow":["GET"]}}],"collection":[{"href":"https:\/\/fullatacados.com.br\/index.php\/wp-json\/wp\/v2\/product"}],"about":[{"href":"https:\/\/fullatacados.com.br\/index.php\/wp-json\/wp\/v2\/types\/product"}],"replies":[{"embeddable":true,"href":"https:\/\/fullatacados.com.br\/index.php\/wp-json\/wp\/v2\/comments?post=15318"}],"wp:featuredmedia":[{"embeddable":true,"href":"https:\/\/fullatacados.com.br\/index.php\/wp-json\/wp\/v2\/media\/15534"}],"wp:attachment":[{"href":"https:\/\/fullatacados.com.br\/index.php\/wp-json\/wp\/v2\/media?parent=15318"}],"wp:term":[{"taxonomy":"product_brand","embeddable":true,"href":"https:\/\/fullatacados.com.br\/index.php\/wp-json\/wp\/v2\/product_brand?post=15318"},{"taxonomy":"product_cat","embeddable":true,"href":"https:\/\/fullatacados.com.br\/index.php\/wp-json\/wp\/v2\/product_cat?post=15318"},{"taxonomy":"product_tag","embeddable":true,"href":"https:\/\/fullatacados.com.br\/index.php\/wp-json\/wp\/v2\/product_tag?post=15318"}],"curies":[{"name":"wp","href":"https:\/\/api.w.org\/{rel}","templated":true}]}}