{"id":15301,"date":"2025-08-14T11:00:08","date_gmt":"2025-08-14T14:00:08","guid":{"rendered":"https:\/\/fullatacados.com.br\/?post_type=product&#038;p=15301"},"modified":"2026-04-24T10:25:07","modified_gmt":"2026-04-24T13:25:07","slug":"retrovisor-mini-tit14-par-yamaha","status":"publish","type":"product","link":"https:\/\/fullatacados.com.br\/index.php\/produto\/retrovisor-mini-tit14-par-yamaha\/","title":{"rendered":"RETROVISOR MINI TIT150\/160 PAR YAMAHA"},"content":{"rendered":"","protected":false},"excerpt":{"rendered":"<p>Retrovisor Mini Titan-14 (par) yamaha<\/p>\n<p>Pe\u00e7a compacta e esportiva, projetada para motocicletas com rosca padr\u00e3o Yamaha (rosca inversa). O conjunto consiste em dois retrovisores mini, ideais para quem busca reduzir o impacto visual sem abrir m\u00e3o da seguran\u00e7a. A haste articulada permite ajustes de posi\u00e7\u00e3o, enquanto o acabamento simples e robusto \u2014 geralmente em pl\u00e1stico preto ou estrutura met\u00e1lica leve \u2014 garante compatibilidade com modelos como a Honda Titan, mas adaptado para uso em motos Yamaha.<\/p>\n","protected":false},"featured_media":15520,"comment_status":"open","ping_status":"closed","template":"","meta":{"_joinchat":[]},"product_brand":[225],"product_cat":[482,15],"product_tag":[],"class_list":{"0":"post-15301","1":"product","2":"type-product","3":"status-publish","4":"has-post-thumbnail","6":"product_brand-gvs","7":"product_cat-moto-pecas","8":"product_cat-sem-categoria","9":"product_shipping_class-envionormal","11":"first","12":"instock","13":"shipping-taxable","14":"purchasable","15":"product-type-simple"},"_links":{"self":[{"href":"https:\/\/fullatacados.com.br\/index.php\/wp-json\/wp\/v2\/product\/15301","targetHints":{"allow":["GET"]}}],"collection":[{"href":"https:\/\/fullatacados.com.br\/index.php\/wp-json\/wp\/v2\/product"}],"about":[{"href":"https:\/\/fullatacados.com.br\/index.php\/wp-json\/wp\/v2\/types\/product"}],"replies":[{"embeddable":true,"href":"https:\/\/fullatacados.com.br\/index.php\/wp-json\/wp\/v2\/comments?post=15301"}],"wp:featuredmedia":[{"embeddable":true,"href":"https:\/\/fullatacados.com.br\/index.php\/wp-json\/wp\/v2\/media\/15520"}],"wp:attachment":[{"href":"https:\/\/fullatacados.com.br\/index.php\/wp-json\/wp\/v2\/media?parent=15301"}],"wp:term":[{"taxonomy":"product_brand","embeddable":true,"href":"https:\/\/fullatacados.com.br\/index.php\/wp-json\/wp\/v2\/product_brand?post=15301"},{"taxonomy":"product_cat","embeddable":true,"href":"https:\/\/fullatacados.com.br\/index.php\/wp-json\/wp\/v2\/product_cat?post=15301"},{"taxonomy":"product_tag","embeddable":true,"href":"https:\/\/fullatacados.com.br\/index.php\/wp-json\/wp\/v2\/product_tag?post=15301"}],"curies":[{"name":"wp","href":"https:\/\/api.w.org\/{rel}","templated":true}]}}