{"id":15300,"date":"2025-08-14T11:00:08","date_gmt":"2025-08-14T14:00:08","guid":{"rendered":"https:\/\/fullatacados.com.br\/?post_type=product&#038;p=15300"},"modified":"2026-03-26T08:10:08","modified_gmt":"2026-03-26T11:10:08","slug":"retrovisor-kawasaki-z400-normal-yamaha","status":"publish","type":"product","link":"https:\/\/fullatacados.com.br\/index.php\/produto\/retrovisor-kawasaki-z400-normal-yamaha\/","title":{"rendered":"RETROVISOR KAWASAKI Z400 NORMAL YAMAHA"},"content":{"rendered":"<p>Retrovisor esportivo no formato original da Z400, com corpo robusto e haste alongada. Compat\u00edvel com motos Yamaha (rosca 10 mm padr\u00e3o), oferecendo excelente campo de vis\u00e3o e design moderno. Produzido em material resistente (pl\u00e1stico injetado e haste met\u00e1lica), \u00e9 vendido em par, ideal para reposi\u00e7\u00e3o ou customiza\u00e7\u00e3o.<\/p>\n","protected":false},"excerpt":{"rendered":"<p>Retrovisor esportivo no formato original da Z400, com corpo robusto e haste alongada. Compat\u00edvel com motos Yamaha (rosca 10 mm padr\u00e3o), oferecendo excelente campo de vis\u00e3o e design moderno. Produzido em material resistente (pl\u00e1stico injetado e haste met\u00e1lica), \u00e9 vendido em par, ideal para reposi\u00e7\u00e3o ou customiza\u00e7\u00e3o.<\/p>\n","protected":false},"featured_media":15522,"comment_status":"open","ping_status":"closed","template":"","meta":{"_joinchat":[]},"product_brand":[225],"product_cat":[482,15],"product_tag":[],"class_list":{"0":"post-15300","1":"product","2":"type-product","3":"status-publish","4":"has-post-thumbnail","6":"product_brand-gvs","7":"product_cat-moto-pecas","8":"product_cat-sem-categoria","9":"product_shipping_class-envionormal","11":"first","12":"instock","13":"shipping-taxable","14":"purchasable","15":"product-type-simple"},"_links":{"self":[{"href":"https:\/\/fullatacados.com.br\/index.php\/wp-json\/wp\/v2\/product\/15300","targetHints":{"allow":["GET"]}}],"collection":[{"href":"https:\/\/fullatacados.com.br\/index.php\/wp-json\/wp\/v2\/product"}],"about":[{"href":"https:\/\/fullatacados.com.br\/index.php\/wp-json\/wp\/v2\/types\/product"}],"replies":[{"embeddable":true,"href":"https:\/\/fullatacados.com.br\/index.php\/wp-json\/wp\/v2\/comments?post=15300"}],"wp:featuredmedia":[{"embeddable":true,"href":"https:\/\/fullatacados.com.br\/index.php\/wp-json\/wp\/v2\/media\/15522"}],"wp:attachment":[{"href":"https:\/\/fullatacados.com.br\/index.php\/wp-json\/wp\/v2\/media?parent=15300"}],"wp:term":[{"taxonomy":"product_brand","embeddable":true,"href":"https:\/\/fullatacados.com.br\/index.php\/wp-json\/wp\/v2\/product_brand?post=15300"},{"taxonomy":"product_cat","embeddable":true,"href":"https:\/\/fullatacados.com.br\/index.php\/wp-json\/wp\/v2\/product_cat?post=15300"},{"taxonomy":"product_tag","embeddable":true,"href":"https:\/\/fullatacados.com.br\/index.php\/wp-json\/wp\/v2\/product_tag?post=15300"}],"curies":[{"name":"wp","href":"https:\/\/api.w.org\/{rel}","templated":true}]}}