{"id":15298,"date":"2025-08-14T11:00:08","date_gmt":"2025-08-14T14:00:08","guid":{"rendered":"https:\/\/fullatacados.com.br\/?post_type=product&#038;p=15298"},"modified":"2026-04-24T09:40:08","modified_gmt":"2026-04-24T12:40:08","slug":"retrovisor-mini-cb300","status":"publish","type":"product","link":"https:\/\/fullatacados.com.br\/index.php\/produto\/retrovisor-mini-cb300\/","title":{"rendered":"RETROVISOR MINI CB300"},"content":{"rendered":"","protected":false},"excerpt":{"rendered":"<p>Retrovisor Mini CB300 \u2013 Modelo esportivo compacto, com design moderno e acabamento resistente. Compat\u00edvel com Honda CB300 e outras motos de rosca padr\u00e3o, f\u00e1cil de instalar, oferece boa visibilidade e estilo diferenciado. Dispon\u00edvel em vers\u00f5es preta ou cromada.<\/p>\n","protected":false},"featured_media":15519,"comment_status":"open","ping_status":"closed","template":"","meta":{"_joinchat":[]},"product_brand":[225],"product_cat":[482,15],"product_tag":[],"class_list":{"0":"post-15298","1":"product","2":"type-product","3":"status-publish","4":"has-post-thumbnail","6":"product_brand-gvs","7":"product_cat-moto-pecas","8":"product_cat-sem-categoria","9":"product_shipping_class-envionormal","11":"first","12":"instock","13":"shipping-taxable","14":"purchasable","15":"product-type-simple"},"_links":{"self":[{"href":"https:\/\/fullatacados.com.br\/index.php\/wp-json\/wp\/v2\/product\/15298","targetHints":{"allow":["GET"]}}],"collection":[{"href":"https:\/\/fullatacados.com.br\/index.php\/wp-json\/wp\/v2\/product"}],"about":[{"href":"https:\/\/fullatacados.com.br\/index.php\/wp-json\/wp\/v2\/types\/product"}],"replies":[{"embeddable":true,"href":"https:\/\/fullatacados.com.br\/index.php\/wp-json\/wp\/v2\/comments?post=15298"}],"wp:featuredmedia":[{"embeddable":true,"href":"https:\/\/fullatacados.com.br\/index.php\/wp-json\/wp\/v2\/media\/15519"}],"wp:attachment":[{"href":"https:\/\/fullatacados.com.br\/index.php\/wp-json\/wp\/v2\/media?parent=15298"}],"wp:term":[{"taxonomy":"product_brand","embeddable":true,"href":"https:\/\/fullatacados.com.br\/index.php\/wp-json\/wp\/v2\/product_brand?post=15298"},{"taxonomy":"product_cat","embeddable":true,"href":"https:\/\/fullatacados.com.br\/index.php\/wp-json\/wp\/v2\/product_cat?post=15298"},{"taxonomy":"product_tag","embeddable":true,"href":"https:\/\/fullatacados.com.br\/index.php\/wp-json\/wp\/v2\/product_tag?post=15298"}],"curies":[{"name":"wp","href":"https:\/\/api.w.org\/{rel}","templated":true}]}}