{"id":15297,"date":"2025-08-14T10:55:08","date_gmt":"2025-08-14T13:55:08","guid":{"rendered":"https:\/\/fullatacados.com.br\/?post_type=product&#038;p=15297"},"modified":"2025-12-01T13:14:19","modified_gmt":"2025-12-01T16:14:19","slug":"arvore-comando-admissao-cb300-eixo-2","status":"publish","type":"product","link":"https:\/\/fullatacados.com.br\/index.php\/produto\/arvore-comando-admissao-cb300-eixo-2\/","title":{"rendered":"ARVORE COMANDO ADMISSAO CB300 EIXO"},"content":{"rendered":"<p>\u00c1rvore de comando de admiss\u00e3o (eixo) \u2013 Honda CB300.<br \/>\nFun\u00e7\u00e3o: controlar o tempo de abertura das v\u00e1lvulas de admiss\u00e3o.<br \/>\nMaterial: a\u00e7o de alta resist\u00eancia, usinado e temperado.<br \/>\nAplica\u00e7\u00e3o: CB300R \/ CB300F.<\/p>\n","protected":false},"excerpt":{"rendered":"<p>\u00c1rvore de comando de admiss\u00e3o (eixo) \u2013 Honda CB300. Fun\u00e7\u00e3o: controlar o tempo de abertura das v\u00e1lvulas de admiss\u00e3o. Material: a\u00e7o de alta resist\u00eancia, usinado e temperado. Aplica\u00e7\u00e3o: CB300R \/ CB300F.<\/p>\n","protected":false},"featured_media":15523,"comment_status":"open","ping_status":"closed","template":"","meta":{"_joinchat":[]},"product_brand":[],"product_cat":[482,15],"product_tag":[],"class_list":{"0":"post-15297","1":"product","2":"type-product","3":"status-publish","4":"has-post-thumbnail","6":"product_cat-moto-pecas","7":"product_cat-sem-categoria","8":"product_shipping_class-envionormal","10":"first","11":"instock","12":"shipping-taxable","13":"purchasable","14":"product-type-simple"},"_links":{"self":[{"href":"https:\/\/fullatacados.com.br\/index.php\/wp-json\/wp\/v2\/product\/15297","targetHints":{"allow":["GET"]}}],"collection":[{"href":"https:\/\/fullatacados.com.br\/index.php\/wp-json\/wp\/v2\/product"}],"about":[{"href":"https:\/\/fullatacados.com.br\/index.php\/wp-json\/wp\/v2\/types\/product"}],"replies":[{"embeddable":true,"href":"https:\/\/fullatacados.com.br\/index.php\/wp-json\/wp\/v2\/comments?post=15297"}],"wp:featuredmedia":[{"embeddable":true,"href":"https:\/\/fullatacados.com.br\/index.php\/wp-json\/wp\/v2\/media\/15523"}],"wp:attachment":[{"href":"https:\/\/fullatacados.com.br\/index.php\/wp-json\/wp\/v2\/media?parent=15297"}],"wp:term":[{"taxonomy":"product_brand","embeddable":true,"href":"https:\/\/fullatacados.com.br\/index.php\/wp-json\/wp\/v2\/product_brand?post=15297"},{"taxonomy":"product_cat","embeddable":true,"href":"https:\/\/fullatacados.com.br\/index.php\/wp-json\/wp\/v2\/product_cat?post=15297"},{"taxonomy":"product_tag","embeddable":true,"href":"https:\/\/fullatacados.com.br\/index.php\/wp-json\/wp\/v2\/product_tag?post=15297"}],"curies":[{"name":"wp","href":"https:\/\/api.w.org\/{rel}","templated":true}]}}