{"id":15296,"date":"2025-08-14T10:55:08","date_gmt":"2025-08-14T13:55:08","guid":{"rendered":"https:\/\/fullatacados.com.br\/?post_type=product&#038;p=15296"},"modified":"2026-04-14T12:15:07","modified_gmt":"2026-04-14T15:15:07","slug":"retrovisor-neo125-nmax160-r-inversa","status":"publish","type":"product","link":"https:\/\/fullatacados.com.br\/index.php\/produto\/retrovisor-neo125-nmax160-r-inversa\/","title":{"rendered":"RETROVISOR NEO125 NMAX160 R INVERSA"},"content":{"rendered":"<p>Retrovisor NEO125 \/ NMAX160 (R) \u2013 Rosca Inversa<\/p>\n<p>Retrovisor de reposi\u00e7\u00e3o com rosca inversa, compat\u00edvel com scooters Yamaha NEO 125 e NMAX 160. Modelo robusto, com corpo em pl\u00e1stico resistente e haste met\u00e1lica, oferecendo boa visibilidade e seguran\u00e7a. Vendido em par, ideal para manuten\u00e7\u00e3o ou substitui\u00e7\u00e3o do original.<\/p>\n","protected":false},"excerpt":{"rendered":"<p>Retrovisor NEO125 \/ NMAX160 (R) \u2013 Rosca Inversa Retrovisor de reposi\u00e7\u00e3o com rosca inversa, compat\u00edvel com scooters Yamaha NEO 125 e NMAX 160. Modelo robusto, com corpo em pl\u00e1stico resistente e haste met\u00e1lica, oferecendo boa visibilidade e seguran\u00e7a. Vendido em par, ideal para manuten\u00e7\u00e3o ou substitui\u00e7\u00e3o do original.<\/p>\n","protected":false},"featured_media":15525,"comment_status":"open","ping_status":"closed","template":"","meta":{"_joinchat":[]},"product_brand":[225],"product_cat":[482,15],"product_tag":[],"class_list":{"0":"post-15296","1":"product","2":"type-product","3":"status-publish","4":"has-post-thumbnail","6":"product_brand-gvs","7":"product_cat-moto-pecas","8":"product_cat-sem-categoria","9":"product_shipping_class-envionormal","11":"first","12":"instock","13":"shipping-taxable","14":"purchasable","15":"product-type-simple"},"_links":{"self":[{"href":"https:\/\/fullatacados.com.br\/index.php\/wp-json\/wp\/v2\/product\/15296","targetHints":{"allow":["GET"]}}],"collection":[{"href":"https:\/\/fullatacados.com.br\/index.php\/wp-json\/wp\/v2\/product"}],"about":[{"href":"https:\/\/fullatacados.com.br\/index.php\/wp-json\/wp\/v2\/types\/product"}],"replies":[{"embeddable":true,"href":"https:\/\/fullatacados.com.br\/index.php\/wp-json\/wp\/v2\/comments?post=15296"}],"wp:featuredmedia":[{"embeddable":true,"href":"https:\/\/fullatacados.com.br\/index.php\/wp-json\/wp\/v2\/media\/15525"}],"wp:attachment":[{"href":"https:\/\/fullatacados.com.br\/index.php\/wp-json\/wp\/v2\/media?parent=15296"}],"wp:term":[{"taxonomy":"product_brand","embeddable":true,"href":"https:\/\/fullatacados.com.br\/index.php\/wp-json\/wp\/v2\/product_brand?post=15296"},{"taxonomy":"product_cat","embeddable":true,"href":"https:\/\/fullatacados.com.br\/index.php\/wp-json\/wp\/v2\/product_cat?post=15296"},{"taxonomy":"product_tag","embeddable":true,"href":"https:\/\/fullatacados.com.br\/index.php\/wp-json\/wp\/v2\/product_tag?post=15296"}],"curies":[{"name":"wp","href":"https:\/\/api.w.org\/{rel}","templated":true}]}}