{"id":15294,"date":"2025-08-14T10:55:08","date_gmt":"2025-08-14T13:55:08","guid":{"rendered":"https:\/\/fullatacados.com.br\/?post_type=product&#038;p=15294"},"modified":"2026-02-14T10:10:07","modified_gmt":"2026-02-14T13:10:07","slug":"suporte-paralama-diant-cb250-twister","status":"publish","type":"product","link":"https:\/\/fullatacados.com.br\/index.php\/produto\/suporte-paralama-diant-cb250-twister\/","title":{"rendered":"SUPORTE PARALAMA DIANT CB250 16\/22"},"content":{"rendered":"<p>Pe\u00e7a de reposi\u00e7\u00e3o para a Honda CB250 Twister, respons\u00e1vel por fixar o paralama dianteiro de forma segura, mantendo-o est\u00e1vel e alinhado. Produzido em material resistente, garante durabilidade e prote\u00e7\u00e3o contra vibra\u00e7\u00f5es e impactos leves durante a pilotagem.<\/p>\n","protected":false},"excerpt":{"rendered":"<p>Pe\u00e7a de reposi\u00e7\u00e3o para a Honda CB250 Twister, respons\u00e1vel por fixar o paralama dianteiro de forma segura, mantendo-o est\u00e1vel e alinhado. Produzido em material resistente, garante durabilidade e prote\u00e7\u00e3o contra vibra\u00e7\u00f5es e impactos leves durante a pilotagem.<\/p>\n","protected":false},"featured_media":15530,"comment_status":"open","ping_status":"closed","template":"","meta":{"_joinchat":[]},"product_brand":[183],"product_cat":[482,15],"product_tag":[],"class_list":{"0":"post-15294","1":"product","2":"type-product","3":"status-publish","4":"has-post-thumbnail","6":"product_brand-pro-tork","7":"product_cat-moto-pecas","8":"product_cat-sem-categoria","9":"product_shipping_class-envionormal","11":"first","12":"instock","13":"shipping-taxable","14":"purchasable","15":"product-type-simple"},"_links":{"self":[{"href":"https:\/\/fullatacados.com.br\/index.php\/wp-json\/wp\/v2\/product\/15294","targetHints":{"allow":["GET"]}}],"collection":[{"href":"https:\/\/fullatacados.com.br\/index.php\/wp-json\/wp\/v2\/product"}],"about":[{"href":"https:\/\/fullatacados.com.br\/index.php\/wp-json\/wp\/v2\/types\/product"}],"replies":[{"embeddable":true,"href":"https:\/\/fullatacados.com.br\/index.php\/wp-json\/wp\/v2\/comments?post=15294"}],"wp:featuredmedia":[{"embeddable":true,"href":"https:\/\/fullatacados.com.br\/index.php\/wp-json\/wp\/v2\/media\/15530"}],"wp:attachment":[{"href":"https:\/\/fullatacados.com.br\/index.php\/wp-json\/wp\/v2\/media?parent=15294"}],"wp:term":[{"taxonomy":"product_brand","embeddable":true,"href":"https:\/\/fullatacados.com.br\/index.php\/wp-json\/wp\/v2\/product_brand?post=15294"},{"taxonomy":"product_cat","embeddable":true,"href":"https:\/\/fullatacados.com.br\/index.php\/wp-json\/wp\/v2\/product_cat?post=15294"},{"taxonomy":"product_tag","embeddable":true,"href":"https:\/\/fullatacados.com.br\/index.php\/wp-json\/wp\/v2\/product_tag?post=15294"}],"curies":[{"name":"wp","href":"https:\/\/api.w.org\/{rel}","templated":true}]}}